{"id":1997,"date":"2022-07-02T11:33:52","date_gmt":"2022-07-02T16:33:52","guid":{"rendered":"https:\/\/cubomagico.co\/?page_id=1997"},"modified":"2023-06-13T16:10:12","modified_gmt":"2023-06-13T21:10:12","slug":"bienestar","status":"publish","type":"page","link":"https:\/\/cubomagico.co\/en\/bienestar\/","title":{"rendered":"Bienestar"},"content":{"rendered":"<div data-elementor-type=\"wp-page\" data-elementor-id=\"1997\" class=\"elementor elementor-1997\" data-elementor-post-type=\"page\">\n\t\t\t\t\t\t<section class=\"elementor-section elementor-top-section elementor-element elementor-element-94c1504 elementor-section-content-middle elementor-section-boxed elementor-section-height-default elementor-section-height-default\" data-id=\"94c1504\" data-element_type=\"section\" data-e-type=\"section\" data-settings=\"{&quot;jet_parallax_layout_list&quot;:[],&quot;background_background&quot;:&quot;classic&quot;}\">\n\t\t\t\t\t\t<div class=\"elementor-container elementor-column-gap-default\">\n\t\t\t\t\t<div class=\"elementor-column elementor-col-50 elementor-top-column elementor-element elementor-element-a170a0b\" data-id=\"a170a0b\" data-element_type=\"column\" data-e-type=\"column\" data-settings=\"{&quot;background_background&quot;:&quot;slideshow&quot;,&quot;background_slideshow_gallery&quot;:[],&quot;background_slideshow_loop&quot;:&quot;yes&quot;,&quot;background_slideshow_slide_duration&quot;:5000,&quot;background_slideshow_slide_transition&quot;:&quot;fade&quot;,&quot;background_slideshow_transition_duration&quot;:500}\">\n\t\t\t<div class=\"elementor-widget-wrap elementor-element-populated\">\n\t\t\t\t\t\t<div class=\"elementor-element elementor-element-2f9d4e3 elementor-widget elementor-widget-heading\" data-id=\"2f9d4e3\" data-element_type=\"widget\" data-e-type=\"widget\" data-widget_type=\"heading.default\">\n\t\t\t\t<div class=\"elementor-widget-container\">\n\t\t\t\t\t<h3 class=\"elementor-heading-title elementor-size-default\">SERVICIO<\/h3>\t\t\t\t<\/div>\n\t\t\t\t<\/div>\n\t\t\t\t<div class=\"elementor-element elementor-element-8632461 elementor-invisible elementor-widget elementor-widget-heading\" data-id=\"8632461\" data-element_type=\"widget\" data-e-type=\"widget\" data-settings=\"{&quot;_animation&quot;:&quot;fadeIn&quot;}\" data-widget_type=\"heading.default\">\n\t\t\t\t<div class=\"elementor-widget-container\">\n\t\t\t\t\t<h1 class=\"elementor-heading-title elementor-size-default\">Bienestar<\/h1>\t\t\t\t<\/div>\n\t\t\t\t<\/div>\n\t\t\t\t<div class=\"elementor-element elementor-element-d8d2d07 elementor-widget elementor-widget-text-editor\" data-id=\"d8d2d07\" data-element_type=\"widget\" data-e-type=\"widget\" data-widget_type=\"text-editor.default\">\n\t\t\t\t<div class=\"elementor-widget-container\">\n\t\t\t\t\t\t\t\t\t<p>Al incluir elementos y momentos de bienestar en un evento se promueve el balance entre lo emocional, f\u00edsico y mental. Despertando nuestra empat\u00eda, y aproxim\u00e1ndonos a crear v\u00ednculos m\u00e1s fuertes con nuestro entorno.<\/p><p>En Cubo M\u00e1gico nos apasiona crear experiencias y momentos inolvidables para conectar personas, las compa\u00f1\u00edas y marcas.<\/p>\t\t\t\t\t\t\t\t<\/div>\n\t\t\t\t<\/div>\n\t\t\t\t<div class=\"elementor-element elementor-element-c039eb1 elementor-align-left elementor-widget elementor-widget-button\" data-id=\"c039eb1\" data-element_type=\"widget\" data-e-type=\"widget\" data-widget_type=\"button.default\">\n\t\t\t\t<div class=\"elementor-widget-container\">\n\t\t\t\t\t\t\t\t\t<div class=\"elementor-button-wrapper\">\n\t\t\t\t\t<a class=\"elementor-button elementor-button-link elementor-size-sm\" href=\"https:\/\/cubomagico.co\/en\/contacto\/\">\n\t\t\t\t\t\t<span class=\"elementor-button-content-wrapper\">\n\t\t\t\t\t\t<span class=\"elementor-button-icon\">\n\t\t\t\t<i aria-hidden=\"true\" class=\"fas fa-chevron-right\"><\/i>\t\t\t<\/span>\n\t\t\t\t\t\t\t\t\t<span class=\"elementor-button-text\">Solicitar servicio<\/span>\n\t\t\t\t\t<\/span>\n\t\t\t\t\t<\/a>\n\t\t\t\t<\/div>\n\t\t\t\t\t\t\t\t<\/div>\n\t\t\t\t<\/div>\n\t\t\t\t\t<\/div>\n\t\t<\/div>\n\t\t\t\t<div class=\"elementor-column elementor-col-50 elementor-top-column elementor-element elementor-element-b8edaa1\" data-id=\"b8edaa1\" data-element_type=\"column\" data-e-type=\"column\">\n\t\t\t<div class=\"elementor-widget-wrap elementor-element-populated\">\n\t\t\t\t\t\t<div class=\"elementor-element elementor-element-c06eaa9 elementor-widget elementor-widget-image\" data-id=\"c06eaa9\" data-element_type=\"widget\" data-e-type=\"widget\" data-widget_type=\"image.default\">\n\t\t\t\t<div class=\"elementor-widget-container\">\n\t\t\t\t\t\t\t\t\t\t\t\t\t\t\t<img fetchpriority=\"high\" decoding=\"async\" width=\"800\" height=\"734\" src=\"https:\/\/i0.wp.com\/cubomagico.co\/wp-content\/uploads\/2021\/04\/Bienestar-Experiencias-bienestar-2018-3-1.jpg?fit=800%2C734&amp;ssl=1\" class=\"attachment-large size-large wp-image-643\" alt=\"\" srcset=\"https:\/\/i0.wp.com\/cubomagico.co\/wp-content\/uploads\/2021\/04\/Bienestar-Experiencias-bienestar-2018-3-1.jpg?w=800&amp;ssl=1 800w, https:\/\/i0.wp.com\/cubomagico.co\/wp-content\/uploads\/2021\/04\/Bienestar-Experiencias-bienestar-2018-3-1.jpg?resize=300%2C275&amp;ssl=1 300w, https:\/\/i0.wp.com\/cubomagico.co\/wp-content\/uploads\/2021\/04\/Bienestar-Experiencias-bienestar-2018-3-1.jpg?resize=768%2C705&amp;ssl=1 768w, https:\/\/i0.wp.com\/cubomagico.co\/wp-content\/uploads\/2021\/04\/Bienestar-Experiencias-bienestar-2018-3-1.jpg?resize=600%2C551&amp;ssl=1 600w\" sizes=\"(max-width: 800px) 100vw, 800px\" \/>\t\t\t\t\t\t\t\t\t\t\t\t\t\t\t<\/div>\n\t\t\t\t<\/div>\n\t\t\t\t\t<\/div>\n\t\t<\/div>\n\t\t\t\t\t<\/div>\n\t\t<\/section>\n\t\t\t\t<section class=\"elementor-section elementor-top-section elementor-element elementor-element-12a5a1c elementor-section-content-middle elementor-section-boxed elementor-section-height-default elementor-section-height-default\" data-id=\"12a5a1c\" data-element_type=\"section\" data-e-type=\"section\" data-settings=\"{&quot;jet_parallax_layout_list&quot;:[],&quot;background_background&quot;:&quot;classic&quot;}\">\n\t\t\t\t\t\t<div class=\"elementor-container elementor-column-gap-default\">\n\t\t\t\t\t<div class=\"elementor-column elementor-col-100 elementor-top-column elementor-element elementor-element-75f3cde\" data-id=\"75f3cde\" data-element_type=\"column\" data-e-type=\"column\" data-settings=\"{&quot;background_background&quot;:&quot;slideshow&quot;,&quot;background_slideshow_gallery&quot;:[],&quot;background_slideshow_loop&quot;:&quot;yes&quot;,&quot;background_slideshow_slide_duration&quot;:5000,&quot;background_slideshow_slide_transition&quot;:&quot;fade&quot;,&quot;background_slideshow_transition_duration&quot;:500}\">\n\t\t\t<div class=\"elementor-widget-wrap elementor-element-populated\">\n\t\t\t\t\t\t<div class=\"elementor-element elementor-element-c087eb4 elementor-widget elementor-widget-heading\" data-id=\"c087eb4\" data-element_type=\"widget\" data-e-type=\"widget\" data-widget_type=\"heading.default\">\n\t\t\t\t<div class=\"elementor-widget-container\">\n\t\t\t\t\t<h3 class=\"elementor-heading-title elementor-size-default\">MOMENTOS<\/h3>\t\t\t\t<\/div>\n\t\t\t\t<\/div>\n\t\t\t\t<div class=\"elementor-element elementor-element-cec620f elementor-invisible elementor-widget elementor-widget-heading\" data-id=\"cec620f\" data-element_type=\"widget\" data-e-type=\"widget\" data-settings=\"{&quot;_animation&quot;:&quot;fadeIn&quot;}\" data-widget_type=\"heading.default\">\n\t\t\t\t<div class=\"elementor-widget-container\">\n\t\t\t\t\t<h2 class=\"elementor-heading-title elementor-size-default\">Lo que hace latir nuestro coraz\u00f3n<\/h2>\t\t\t\t<\/div>\n\t\t\t\t<\/div>\n\t\t\t\t\t<\/div>\n\t\t<\/div>\n\t\t\t\t\t<\/div>\n\t\t<\/section>\n\t\t\t\t<section class=\"elementor-section elementor-top-section elementor-element elementor-element-d4e16f2 elementor-section-boxed elementor-section-height-default elementor-section-height-default\" data-id=\"d4e16f2\" data-element_type=\"section\" data-e-type=\"section\" data-settings=\"{&quot;jet_parallax_layout_list&quot;:[],&quot;background_background&quot;:&quot;classic&quot;}\">\n\t\t\t\t\t\t<div class=\"elementor-container elementor-column-gap-default\">\n\t\t\t\t\t<div class=\"elementor-column elementor-col-100 elementor-top-column elementor-element elementor-element-f4e23f2\" data-id=\"f4e23f2\" data-element_type=\"column\" data-e-type=\"column\">\n\t\t\t<div class=\"elementor-widget-wrap elementor-element-populated\">\n\t\t\t\t\t\t<div class=\"elementor-element elementor-element-40f8c8c elementor-widget elementor-widget-gallery\" data-id=\"40f8c8c\" data-element_type=\"widget\" data-e-type=\"widget\" data-settings=\"{&quot;gallery_layout&quot;:&quot;masonry&quot;,&quot;columns&quot;:3,&quot;gap&quot;:{&quot;unit&quot;:&quot;px&quot;,&quot;size&quot;:12,&quot;sizes&quot;:[]},&quot;columns_mobile&quot;:2,&quot;columns_tablet&quot;:2,&quot;gap_tablet&quot;:{&quot;unit&quot;:&quot;px&quot;,&quot;size&quot;:10,&quot;sizes&quot;:[]},&quot;gap_mobile&quot;:{&quot;unit&quot;:&quot;px&quot;,&quot;size&quot;:10,&quot;sizes&quot;:[]},&quot;link_to&quot;:&quot;file&quot;,&quot;overlay_background&quot;:&quot;yes&quot;,&quot;content_hover_animation&quot;:&quot;fade-in&quot;}\" data-widget_type=\"gallery.default\">\n\t\t\t\t<div class=\"elementor-widget-container\">\n\t\t\t\t\t\t\t<div class=\"elementor-gallery__container\">\n\t\t\t\t\t\t\t<a class=\"e-gallery-item elementor-gallery-item elementor-animated-content\" href=\"https:\/\/i0.wp.com\/cubomagico.co\/wp-content\/uploads\/2023\/06\/Varios-1.jpg?fit=801%2C600&#038;ssl=1\" data-elementor-open-lightbox=\"yes\" data-elementor-lightbox-slideshow=\"40f8c8c\" data-elementor-lightbox-title=\"Varios-1\" data-e-action-hash=\"#elementor-action%3Aaction%3Dlightbox%26settings%3DeyJpZCI6MjY0NywidXJsIjoiaHR0cHM6XC9cL2N1Ym9tYWdpY28uY29cL3dwLWNvbnRlbnRcL3VwbG9hZHNcLzIwMjNcLzA2XC9WYXJpb3MtMS5qcGciLCJzbGlkZXNob3ciOiI0MGY4YzhjIn0%3D\">\n\t\t\t\t\t<div class=\"e-gallery-image elementor-gallery-item__image\" data-thumbnail=\"https:\/\/i0.wp.com\/cubomagico.co\/wp-content\/uploads\/2023\/06\/Varios-1.jpg?fit=801%2C600&amp;ssl=1\" data-width=\"801\" data-height=\"600\" aria-label=\"\" role=\"img\" ><\/div>\n\t\t\t\t\t\t\t\t\t\t\t<div class=\"elementor-gallery-item__overlay\"><\/div>\n\t\t\t\t\t\t\t\t\t\t\t\t\t\t<\/a>\n\t\t\t\t\t\t\t<a class=\"e-gallery-item elementor-gallery-item elementor-animated-content\" href=\"https:\/\/i0.wp.com\/cubomagico.co\/wp-content\/uploads\/2023\/06\/Hay-festival-5.jpg?fit=801%2C600&#038;ssl=1\" data-elementor-open-lightbox=\"yes\" data-elementor-lightbox-slideshow=\"40f8c8c\" data-elementor-lightbox-title=\"Hay-festival-5\" data-e-action-hash=\"#elementor-action%3Aaction%3Dlightbox%26settings%3DeyJpZCI6MjY0NCwidXJsIjoiaHR0cHM6XC9cL2N1Ym9tYWdpY28uY29cL3dwLWNvbnRlbnRcL3VwbG9hZHNcLzIwMjNcLzA2XC9IYXktZmVzdGl2YWwtNS5qcGciLCJzbGlkZXNob3ciOiI0MGY4YzhjIn0%3D\">\n\t\t\t\t\t<div class=\"e-gallery-image elementor-gallery-item__image\" data-thumbnail=\"https:\/\/i0.wp.com\/cubomagico.co\/wp-content\/uploads\/2023\/06\/Hay-festival-5.jpg?fit=801%2C600&amp;ssl=1\" data-width=\"801\" data-height=\"600\" aria-label=\"\" role=\"img\" ><\/div>\n\t\t\t\t\t\t\t\t\t\t\t<div class=\"elementor-gallery-item__overlay\"><\/div>\n\t\t\t\t\t\t\t\t\t\t\t\t\t\t<\/a>\n\t\t\t\t\t\t\t<a class=\"e-gallery-item elementor-gallery-item elementor-animated-content\" href=\"https:\/\/i0.wp.com\/cubomagico.co\/wp-content\/uploads\/2023\/06\/Varios-13.jpg?fit=801%2C600&#038;ssl=1\" data-elementor-open-lightbox=\"yes\" data-elementor-lightbox-slideshow=\"40f8c8c\" data-elementor-lightbox-title=\"Varios-13\" data-e-action-hash=\"#elementor-action%3Aaction%3Dlightbox%26settings%3DeyJpZCI6MjY0NiwidXJsIjoiaHR0cHM6XC9cL2N1Ym9tYWdpY28uY29cL3dwLWNvbnRlbnRcL3VwbG9hZHNcLzIwMjNcLzA2XC9WYXJpb3MtMTMuanBnIiwic2xpZGVzaG93IjoiNDBmOGM4YyJ9\">\n\t\t\t\t\t<div class=\"e-gallery-image elementor-gallery-item__image\" data-thumbnail=\"https:\/\/i0.wp.com\/cubomagico.co\/wp-content\/uploads\/2023\/06\/Varios-13.jpg?fit=801%2C600&amp;ssl=1\" data-width=\"801\" data-height=\"600\" aria-label=\"\" role=\"img\" ><\/div>\n\t\t\t\t\t\t\t\t\t\t\t<div class=\"elementor-gallery-item__overlay\"><\/div>\n\t\t\t\t\t\t\t\t\t\t\t\t\t\t<\/a>\n\t\t\t\t\t\t\t<a class=\"e-gallery-item elementor-gallery-item elementor-animated-content\" href=\"https:\/\/i0.wp.com\/cubomagico.co\/wp-content\/uploads\/2023\/06\/Sura-4.jpg?fit=801%2C600&#038;ssl=1\" data-elementor-open-lightbox=\"yes\" data-elementor-lightbox-slideshow=\"40f8c8c\" data-elementor-lightbox-title=\"Sura-4\" data-e-action-hash=\"#elementor-action%3Aaction%3Dlightbox%26settings%3DeyJpZCI6MjY0OCwidXJsIjoiaHR0cHM6XC9cL2N1Ym9tYWdpY28uY29cL3dwLWNvbnRlbnRcL3VwbG9hZHNcLzIwMjNcLzA2XC9TdXJhLTQuanBnIiwic2xpZGVzaG93IjoiNDBmOGM4YyJ9\">\n\t\t\t\t\t<div class=\"e-gallery-image elementor-gallery-item__image\" data-thumbnail=\"https:\/\/i0.wp.com\/cubomagico.co\/wp-content\/uploads\/2023\/06\/Sura-4.jpg?fit=801%2C600&amp;ssl=1\" data-width=\"801\" data-height=\"600\" aria-label=\"\" role=\"img\" ><\/div>\n\t\t\t\t\t\t\t\t\t\t\t<div class=\"elementor-gallery-item__overlay\"><\/div>\n\t\t\t\t\t\t\t\t\t\t\t\t\t\t<\/a>\n\t\t\t\t\t\t\t<a class=\"e-gallery-item elementor-gallery-item elementor-animated-content\" href=\"https:\/\/i0.wp.com\/cubomagico.co\/wp-content\/uploads\/2023\/06\/Hay-festival-117.jpg?fit=801%2C600&#038;ssl=1\" data-elementor-open-lightbox=\"yes\" data-elementor-lightbox-slideshow=\"40f8c8c\" data-elementor-lightbox-title=\"Hay-festival-117\" data-e-action-hash=\"#elementor-action%3Aaction%3Dlightbox%26settings%3DeyJpZCI6MjY0MywidXJsIjoiaHR0cHM6XC9cL2N1Ym9tYWdpY28uY29cL3dwLWNvbnRlbnRcL3VwbG9hZHNcLzIwMjNcLzA2XC9IYXktZmVzdGl2YWwtMTE3LmpwZyIsInNsaWRlc2hvdyI6IjQwZjhjOGMifQ%3D%3D\">\n\t\t\t\t\t<div class=\"e-gallery-image elementor-gallery-item__image\" data-thumbnail=\"https:\/\/i0.wp.com\/cubomagico.co\/wp-content\/uploads\/2023\/06\/Hay-festival-117.jpg?fit=801%2C600&amp;ssl=1\" data-width=\"801\" data-height=\"600\" aria-label=\"\" role=\"img\" ><\/div>\n\t\t\t\t\t\t\t\t\t\t\t<div class=\"elementor-gallery-item__overlay\"><\/div>\n\t\t\t\t\t\t\t\t\t\t\t\t\t\t<\/a>\n\t\t\t\t\t\t\t<a class=\"e-gallery-item elementor-gallery-item elementor-animated-content\" href=\"https:\/\/i0.wp.com\/cubomagico.co\/wp-content\/uploads\/2023\/06\/Varios-18.jpg?fit=801%2C600&#038;ssl=1\" data-elementor-open-lightbox=\"yes\" data-elementor-lightbox-slideshow=\"40f8c8c\" data-elementor-lightbox-title=\"Varios-18\" data-e-action-hash=\"#elementor-action%3Aaction%3Dlightbox%26settings%3DeyJpZCI6MjY0NSwidXJsIjoiaHR0cHM6XC9cL2N1Ym9tYWdpY28uY29cL3dwLWNvbnRlbnRcL3VwbG9hZHNcLzIwMjNcLzA2XC9WYXJpb3MtMTguanBnIiwic2xpZGVzaG93IjoiNDBmOGM4YyJ9\">\n\t\t\t\t\t<div class=\"e-gallery-image elementor-gallery-item__image\" data-thumbnail=\"https:\/\/i0.wp.com\/cubomagico.co\/wp-content\/uploads\/2023\/06\/Varios-18.jpg?fit=801%2C600&amp;ssl=1\" data-width=\"801\" data-height=\"600\" aria-label=\"\" role=\"img\" ><\/div>\n\t\t\t\t\t\t\t\t\t\t\t<div class=\"elementor-gallery-item__overlay\"><\/div>\n\t\t\t\t\t\t\t\t\t\t\t\t\t\t<\/a>\n\t\t\t\t\t\t\t<a class=\"e-gallery-item elementor-gallery-item elementor-animated-content\" href=\"https:\/\/i0.wp.com\/cubomagico.co\/wp-content\/uploads\/2021\/04\/bici-sura.jpg?fit=889%2C800&#038;ssl=1\" data-elementor-open-lightbox=\"yes\" data-elementor-lightbox-slideshow=\"40f8c8c\" data-elementor-lightbox-title=\"bici-sura\" data-e-action-hash=\"#elementor-action%3Aaction%3Dlightbox%26settings%3DeyJpZCI6NzkxLCJ1cmwiOiJodHRwczpcL1wvY3Vib21hZ2ljby5jb1wvd3AtY29udGVudFwvdXBsb2Fkc1wvMjAyMVwvMDRcL2JpY2ktc3VyYS5qcGciLCJzbGlkZXNob3ciOiI0MGY4YzhjIn0%3D\">\n\t\t\t\t\t<div class=\"e-gallery-image elementor-gallery-item__image\" data-thumbnail=\"https:\/\/i0.wp.com\/cubomagico.co\/wp-content\/uploads\/2021\/04\/bici-sura.jpg?fit=889%2C800&amp;ssl=1\" data-width=\"889\" data-height=\"800\" aria-label=\"\" role=\"img\" ><\/div>\n\t\t\t\t\t\t\t\t\t\t\t<div class=\"elementor-gallery-item__overlay\"><\/div>\n\t\t\t\t\t\t\t\t\t\t\t\t\t\t<\/a>\n\t\t\t\t\t\t\t<a class=\"e-gallery-item elementor-gallery-item elementor-animated-content\" href=\"https:\/\/i0.wp.com\/cubomagico.co\/wp-content\/uploads\/2021\/04\/Networking-Premio-Periodismo-2019-1.jpg?fit=800%2C734&#038;ssl=1\" data-elementor-open-lightbox=\"yes\" data-elementor-lightbox-slideshow=\"40f8c8c\" data-elementor-lightbox-title=\"Networking-Premio-Periodismo-2019\" data-e-action-hash=\"#elementor-action%3Aaction%3Dlightbox%26settings%3DeyJpZCI6NzI4LCJ1cmwiOiJodHRwczpcL1wvY3Vib21hZ2ljby5jb1wvd3AtY29udGVudFwvdXBsb2Fkc1wvMjAyMVwvMDRcL05ldHdvcmtpbmctUHJlbWlvLVBlcmlvZGlzbW8tMjAxOS0xLmpwZyIsInNsaWRlc2hvdyI6IjQwZjhjOGMifQ%3D%3D\">\n\t\t\t\t\t<div class=\"e-gallery-image elementor-gallery-item__image\" data-thumbnail=\"https:\/\/i0.wp.com\/cubomagico.co\/wp-content\/uploads\/2021\/04\/Networking-Premio-Periodismo-2019-1.jpg?fit=800%2C734&amp;ssl=1\" data-width=\"800\" data-height=\"734\" aria-label=\"\" role=\"img\" ><\/div>\n\t\t\t\t\t\t\t\t\t\t\t<div class=\"elementor-gallery-item__overlay\"><\/div>\n\t\t\t\t\t\t\t\t\t\t\t\t\t\t<\/a>\n\t\t\t\t\t\t\t<a class=\"e-gallery-item elementor-gallery-item elementor-animated-content\" href=\"https:\/\/i0.wp.com\/cubomagico.co\/wp-content\/uploads\/2021\/04\/Literatura-hey-festival-2018-1.jpg?fit=745%2C937&#038;ssl=1\" data-elementor-open-lightbox=\"yes\" data-elementor-lightbox-slideshow=\"40f8c8c\" data-elementor-lightbox-title=\"Literatura-hey-festival-2018\" data-e-action-hash=\"#elementor-action%3Aaction%3Dlightbox%26settings%3DeyJpZCI6NDM4LCJ1cmwiOiJodHRwczpcL1wvY3Vib21hZ2ljby5jb1wvd3AtY29udGVudFwvdXBsb2Fkc1wvMjAyMVwvMDRcL0xpdGVyYXR1cmEtaGV5LWZlc3RpdmFsLTIwMTgtMS5qcGciLCJzbGlkZXNob3ciOiI0MGY4YzhjIn0%3D\">\n\t\t\t\t\t<div class=\"e-gallery-image elementor-gallery-item__image\" data-thumbnail=\"https:\/\/i0.wp.com\/cubomagico.co\/wp-content\/uploads\/2021\/04\/Literatura-hey-festival-2018-1.jpg?fit=745%2C937&amp;ssl=1\" data-width=\"745\" data-height=\"937\" aria-label=\"\" role=\"img\" ><\/div>\n\t\t\t\t\t\t\t\t\t\t\t<div class=\"elementor-gallery-item__overlay\"><\/div>\n\t\t\t\t\t\t\t\t\t\t\t\t\t\t<\/a>\n\t\t\t\t\t\t\t<a class=\"e-gallery-item elementor-gallery-item elementor-animated-content\" href=\"https:\/\/i0.wp.com\/cubomagico.co\/wp-content\/uploads\/2021\/04\/Tecnologia-Summit-2019.jpg?fit=800%2C734&#038;ssl=1\" data-elementor-open-lightbox=\"yes\" data-elementor-lightbox-slideshow=\"40f8c8c\" data-elementor-lightbox-title=\"Tecnolog\u00eda-Summit-2019\" data-e-action-hash=\"#elementor-action%3Aaction%3Dlightbox%26settings%3DeyJpZCI6MzY1LCJ1cmwiOiJodHRwczpcL1wvY3Vib21hZ2ljby5jb1wvd3AtY29udGVudFwvdXBsb2Fkc1wvMjAyMVwvMDRcL1RlY25vbG9naWEtU3VtbWl0LTIwMTkuanBnIiwic2xpZGVzaG93IjoiNDBmOGM4YyJ9\">\n\t\t\t\t\t<div class=\"e-gallery-image elementor-gallery-item__image\" data-thumbnail=\"https:\/\/i0.wp.com\/cubomagico.co\/wp-content\/uploads\/2021\/04\/Tecnologia-Summit-2019.jpg?fit=800%2C734&amp;ssl=1\" data-width=\"800\" data-height=\"734\" aria-label=\"\" role=\"img\" ><\/div>\n\t\t\t\t\t\t\t\t\t\t\t<div class=\"elementor-gallery-item__overlay\"><\/div>\n\t\t\t\t\t\t\t\t\t\t\t\t\t\t<\/a>\n\t\t\t\t\t<\/div>\n\t\t\t\t\t<\/div>\n\t\t\t\t<\/div>\n\t\t\t\t\t<\/div>\n\t\t<\/div>\n\t\t\t\t\t<\/div>\n\t\t<\/section>\n\t\t\t\t<\/div>","protected":false},"excerpt":{"rendered":"<p>SERVICIO Bienestar Al incluir elementos y momentos de bienestar en un evento se promueve el balance entre lo emocional, f\u00edsico y mental. Despertando nuestra empat\u00eda, y aproxim\u00e1ndonos a crear v\u00ednculos m\u00e1s fuertes con nuestro entorno. En Cubo M\u00e1gico nos apasiona crear experiencias y momentos inolvidables para conectar personas, las compa\u00f1\u00edas y marcas. Solicitar servicio MOMENTOS [&hellip;]<\/p>\n","protected":false},"author":3,"featured_media":0,"parent":0,"menu_order":0,"comment_status":"closed","ping_status":"closed","template":"elementor_header_footer","meta":{"nf_dc_page":"","footnotes":""},"class_list":["post-1997","page","type-page","status-publish","hentry"],"jetpack_sharing_enabled":true,"amp_enabled":true,"_links":{"self":[{"href":"https:\/\/cubomagico.co\/en\/wp-json\/wp\/v2\/pages\/1997","targetHints":{"allow":["GET"]}}],"collection":[{"href":"https:\/\/cubomagico.co\/en\/wp-json\/wp\/v2\/pages"}],"about":[{"href":"https:\/\/cubomagico.co\/en\/wp-json\/wp\/v2\/types\/page"}],"author":[{"embeddable":true,"href":"https:\/\/cubomagico.co\/en\/wp-json\/wp\/v2\/users\/3"}],"replies":[{"embeddable":true,"href":"https:\/\/cubomagico.co\/en\/wp-json\/wp\/v2\/comments?post=1997"}],"version-history":[{"count":5,"href":"https:\/\/cubomagico.co\/en\/wp-json\/wp\/v2\/pages\/1997\/revisions"}],"predecessor-version":[{"id":2651,"href":"https:\/\/cubomagico.co\/en\/wp-json\/wp\/v2\/pages\/1997\/revisions\/2651"}],"wp:attachment":[{"href":"https:\/\/cubomagico.co\/en\/wp-json\/wp\/v2\/media?parent=1997"}],"curies":[{"name":"wp","href":"https:\/\/api.w.org\/{rel}","templated":true}]}}