{"id":1983,"date":"2022-07-02T11:17:54","date_gmt":"2022-07-02T16:17:54","guid":{"rendered":"https:\/\/cubomagico.co\/?page_id=1983"},"modified":"2023-06-13T16:38:27","modified_gmt":"2023-06-13T21:38:27","slug":"innovacion","status":"publish","type":"page","link":"https:\/\/cubomagico.co\/en\/innovacion\/","title":{"rendered":"Innovaci\u00f3n"},"content":{"rendered":"<div data-elementor-type=\"wp-page\" data-elementor-id=\"1983\" class=\"elementor elementor-1983\" data-elementor-post-type=\"page\">\n\t\t\t\t\t\t<section class=\"elementor-section elementor-top-section elementor-element elementor-element-5894b13 elementor-section-content-middle elementor-section-boxed elementor-section-height-default elementor-section-height-default\" data-id=\"5894b13\" data-element_type=\"section\" data-e-type=\"section\" data-settings=\"{&quot;jet_parallax_layout_list&quot;:[],&quot;background_background&quot;:&quot;classic&quot;}\">\n\t\t\t\t\t\t<div class=\"elementor-container elementor-column-gap-default\">\n\t\t\t\t\t<div class=\"elementor-column elementor-col-50 elementor-top-column elementor-element elementor-element-3c6e1d0\" data-id=\"3c6e1d0\" data-element_type=\"column\" data-e-type=\"column\" data-settings=\"{&quot;background_background&quot;:&quot;slideshow&quot;,&quot;background_slideshow_gallery&quot;:[],&quot;background_slideshow_loop&quot;:&quot;yes&quot;,&quot;background_slideshow_slide_duration&quot;:5000,&quot;background_slideshow_slide_transition&quot;:&quot;fade&quot;,&quot;background_slideshow_transition_duration&quot;:500}\">\n\t\t\t<div class=\"elementor-widget-wrap elementor-element-populated\">\n\t\t\t\t\t\t<div class=\"elementor-element elementor-element-a5bde78 elementor-widget elementor-widget-heading\" data-id=\"a5bde78\" data-element_type=\"widget\" data-e-type=\"widget\" data-widget_type=\"heading.default\">\n\t\t\t\t<div class=\"elementor-widget-container\">\n\t\t\t\t\t<h3 class=\"elementor-heading-title elementor-size-default\">SERVICIO<\/h3>\t\t\t\t<\/div>\n\t\t\t\t<\/div>\n\t\t\t\t<div class=\"elementor-element elementor-element-22539f7 elementor-invisible elementor-widget elementor-widget-heading\" data-id=\"22539f7\" data-element_type=\"widget\" data-e-type=\"widget\" data-settings=\"{&quot;_animation&quot;:&quot;fadeIn&quot;}\" data-widget_type=\"heading.default\">\n\t\t\t\t<div class=\"elementor-widget-container\">\n\t\t\t\t\t<h1 class=\"elementor-heading-title elementor-size-default\"> Innovaci\u00f3n<\/h1>\t\t\t\t<\/div>\n\t\t\t\t<\/div>\n\t\t\t\t<div class=\"elementor-element elementor-element-48b6962 elementor-widget elementor-widget-text-editor\" data-id=\"48b6962\" data-element_type=\"widget\" data-e-type=\"widget\" data-widget_type=\"text-editor.default\">\n\t\t\t\t<div class=\"elementor-widget-container\">\n\t\t\t\t\t\t\t\t\t<p>La inclusi\u00f3n de elementos innovadores en los eventos brinda experiencias \u00fanicas y enriquecedoras, fomenta la creatividad y la colaboraci\u00f3n, inspira a los asistentes a pensar de maneras diferentes y explora nuevas formas de abordar desaf\u00edos.<\/p><p>En Cubo M\u00e1gico nos apasiona crear experiencias y momentos inolvidables para conectar personas, las compa\u00f1\u00edas y marcas.<\/p>\t\t\t\t\t\t\t\t<\/div>\n\t\t\t\t<\/div>\n\t\t\t\t<div class=\"elementor-element elementor-element-aed0284 elementor-align-left elementor-widget elementor-widget-button\" data-id=\"aed0284\" data-element_type=\"widget\" data-e-type=\"widget\" data-widget_type=\"button.default\">\n\t\t\t\t<div class=\"elementor-widget-container\">\n\t\t\t\t\t\t\t\t\t<div class=\"elementor-button-wrapper\">\n\t\t\t\t\t<a class=\"elementor-button elementor-button-link elementor-size-sm\" href=\"https:\/\/cubomagico.co\/en\/contacto\/\">\n\t\t\t\t\t\t<span class=\"elementor-button-content-wrapper\">\n\t\t\t\t\t\t<span class=\"elementor-button-icon\">\n\t\t\t\t<i aria-hidden=\"true\" class=\"fas fa-chevron-right\"><\/i>\t\t\t<\/span>\n\t\t\t\t\t\t\t\t\t<span class=\"elementor-button-text\">Solicitar servicio<\/span>\n\t\t\t\t\t<\/span>\n\t\t\t\t\t<\/a>\n\t\t\t\t<\/div>\n\t\t\t\t\t\t\t\t<\/div>\n\t\t\t\t<\/div>\n\t\t\t\t\t<\/div>\n\t\t<\/div>\n\t\t\t\t<div class=\"elementor-column elementor-col-50 elementor-top-column elementor-element elementor-element-374627b\" data-id=\"374627b\" data-element_type=\"column\" data-e-type=\"column\">\n\t\t\t<div class=\"elementor-widget-wrap elementor-element-populated\">\n\t\t\t\t\t\t<div class=\"elementor-element elementor-element-db7809c elementor-widget elementor-widget-image\" data-id=\"db7809c\" data-element_type=\"widget\" data-e-type=\"widget\" data-widget_type=\"image.default\">\n\t\t\t\t<div class=\"elementor-widget-container\">\n\t\t\t\t\t\t\t\t\t\t\t\t\t\t\t<img fetchpriority=\"high\" decoding=\"async\" width=\"800\" height=\"734\" src=\"https:\/\/i0.wp.com\/cubomagico.co\/wp-content\/uploads\/2021\/04\/Bienestar-Experiencias-Bienestar-2018-4.jpg?fit=800%2C734&amp;ssl=1\" class=\"attachment-large size-large wp-image-343\" alt=\"\" srcset=\"https:\/\/i0.wp.com\/cubomagico.co\/wp-content\/uploads\/2021\/04\/Bienestar-Experiencias-Bienestar-2018-4.jpg?w=800&amp;ssl=1 800w, https:\/\/i0.wp.com\/cubomagico.co\/wp-content\/uploads\/2021\/04\/Bienestar-Experiencias-Bienestar-2018-4.jpg?resize=300%2C275&amp;ssl=1 300w, https:\/\/i0.wp.com\/cubomagico.co\/wp-content\/uploads\/2021\/04\/Bienestar-Experiencias-Bienestar-2018-4.jpg?resize=768%2C705&amp;ssl=1 768w, https:\/\/i0.wp.com\/cubomagico.co\/wp-content\/uploads\/2021\/04\/Bienestar-Experiencias-Bienestar-2018-4.jpg?resize=600%2C551&amp;ssl=1 600w\" sizes=\"(max-width: 800px) 100vw, 800px\" \/>\t\t\t\t\t\t\t\t\t\t\t\t\t\t\t<\/div>\n\t\t\t\t<\/div>\n\t\t\t\t\t<\/div>\n\t\t<\/div>\n\t\t\t\t\t<\/div>\n\t\t<\/section>\n\t\t\t\t<section class=\"elementor-section elementor-top-section elementor-element elementor-element-32dc4b3 elementor-section-content-middle elementor-section-boxed elementor-section-height-default elementor-section-height-default\" data-id=\"32dc4b3\" data-element_type=\"section\" data-e-type=\"section\" data-settings=\"{&quot;jet_parallax_layout_list&quot;:[],&quot;background_background&quot;:&quot;classic&quot;}\">\n\t\t\t\t\t\t<div class=\"elementor-container elementor-column-gap-default\">\n\t\t\t\t\t<div class=\"elementor-column elementor-col-100 elementor-top-column elementor-element elementor-element-2789fcc\" data-id=\"2789fcc\" data-element_type=\"column\" data-e-type=\"column\" data-settings=\"{&quot;background_background&quot;:&quot;slideshow&quot;,&quot;background_slideshow_gallery&quot;:[],&quot;background_slideshow_loop&quot;:&quot;yes&quot;,&quot;background_slideshow_slide_duration&quot;:5000,&quot;background_slideshow_slide_transition&quot;:&quot;fade&quot;,&quot;background_slideshow_transition_duration&quot;:500}\">\n\t\t\t<div class=\"elementor-widget-wrap elementor-element-populated\">\n\t\t\t\t\t\t<div class=\"elementor-element elementor-element-85db5f2 elementor-widget elementor-widget-heading\" data-id=\"85db5f2\" data-element_type=\"widget\" data-e-type=\"widget\" data-widget_type=\"heading.default\">\n\t\t\t\t<div class=\"elementor-widget-container\">\n\t\t\t\t\t<h3 class=\"elementor-heading-title elementor-size-default\">MOMENTOS<\/h3>\t\t\t\t<\/div>\n\t\t\t\t<\/div>\n\t\t\t\t<div class=\"elementor-element elementor-element-691de79 elementor-invisible elementor-widget elementor-widget-heading\" data-id=\"691de79\" data-element_type=\"widget\" data-e-type=\"widget\" data-settings=\"{&quot;_animation&quot;:&quot;fadeIn&quot;}\" data-widget_type=\"heading.default\">\n\t\t\t\t<div class=\"elementor-widget-container\">\n\t\t\t\t\t<h2 class=\"elementor-heading-title elementor-size-default\">Lo que hace latir nuestro coraz\u00f3n<\/h2>\t\t\t\t<\/div>\n\t\t\t\t<\/div>\n\t\t\t\t\t<\/div>\n\t\t<\/div>\n\t\t\t\t\t<\/div>\n\t\t<\/section>\n\t\t\t\t<section class=\"elementor-section elementor-top-section elementor-element elementor-element-80e09c9 elementor-section-boxed elementor-section-height-default elementor-section-height-default\" data-id=\"80e09c9\" data-element_type=\"section\" data-e-type=\"section\" data-settings=\"{&quot;jet_parallax_layout_list&quot;:[],&quot;background_background&quot;:&quot;classic&quot;}\">\n\t\t\t\t\t\t<div class=\"elementor-container elementor-column-gap-default\">\n\t\t\t\t\t<div class=\"elementor-column elementor-col-100 elementor-top-column elementor-element elementor-element-74158ea\" data-id=\"74158ea\" data-element_type=\"column\" data-e-type=\"column\">\n\t\t\t<div class=\"elementor-widget-wrap elementor-element-populated\">\n\t\t\t\t\t\t<div class=\"elementor-element elementor-element-6374132 elementor-widget elementor-widget-gallery\" data-id=\"6374132\" data-element_type=\"widget\" data-e-type=\"widget\" data-settings=\"{&quot;gallery_layout&quot;:&quot;masonry&quot;,&quot;columns&quot;:3,&quot;gap&quot;:{&quot;unit&quot;:&quot;px&quot;,&quot;size&quot;:12,&quot;sizes&quot;:[]},&quot;columns_mobile&quot;:2,&quot;columns_tablet&quot;:2,&quot;gap_tablet&quot;:{&quot;unit&quot;:&quot;px&quot;,&quot;size&quot;:10,&quot;sizes&quot;:[]},&quot;gap_mobile&quot;:{&quot;unit&quot;:&quot;px&quot;,&quot;size&quot;:10,&quot;sizes&quot;:[]},&quot;link_to&quot;:&quot;file&quot;,&quot;overlay_background&quot;:&quot;yes&quot;,&quot;content_hover_animation&quot;:&quot;fade-in&quot;}\" data-widget_type=\"gallery.default\">\n\t\t\t\t<div class=\"elementor-widget-container\">\n\t\t\t\t\t\t\t<div class=\"elementor-gallery__container\">\n\t\t\t\t\t\t\t<a class=\"e-gallery-item elementor-gallery-item elementor-animated-content\" href=\"https:\/\/i0.wp.com\/cubomagico.co\/wp-content\/uploads\/2023\/05\/Summit-2022-14.jpg?fit=801%2C1000&#038;ssl=1\" data-elementor-open-lightbox=\"yes\" data-elementor-lightbox-slideshow=\"6374132\" data-elementor-lightbox-title=\"Summit-2022-14\" data-e-action-hash=\"#elementor-action%3Aaction%3Dlightbox%26settings%3DeyJpZCI6MjU5NCwidXJsIjoiaHR0cHM6XC9cL2N1Ym9tYWdpY28uY29cL3dwLWNvbnRlbnRcL3VwbG9hZHNcLzIwMjNcLzA1XC9TdW1taXQtMjAyMi0xNC5qcGciLCJzbGlkZXNob3ciOiI2Mzc0MTMyIn0%3D\">\n\t\t\t\t\t<div class=\"e-gallery-image elementor-gallery-item__image\" data-thumbnail=\"https:\/\/i0.wp.com\/cubomagico.co\/wp-content\/uploads\/2023\/05\/Summit-2022-14.jpg?fit=801%2C1000&amp;ssl=1\" data-width=\"801\" data-height=\"1000\" aria-label=\"\" role=\"img\" ><\/div>\n\t\t\t\t\t\t\t\t\t\t\t<div class=\"elementor-gallery-item__overlay\"><\/div>\n\t\t\t\t\t\t\t\t\t\t\t\t\t\t<\/a>\n\t\t\t\t\t\t\t<a class=\"e-gallery-item elementor-gallery-item elementor-animated-content\" href=\"https:\/\/i0.wp.com\/cubomagico.co\/wp-content\/uploads\/2023\/05\/IMG_9906-scaled.jpg?fit=2560%2C1920&#038;ssl=1\" data-elementor-open-lightbox=\"yes\" data-elementor-lightbox-slideshow=\"6374132\" data-elementor-lightbox-title=\"IMG_9906\" data-e-action-hash=\"#elementor-action%3Aaction%3Dlightbox%26settings%3DeyJpZCI6MjU4MywidXJsIjoiaHR0cHM6XC9cL2N1Ym9tYWdpY28uY29cL3dwLWNvbnRlbnRcL3VwbG9hZHNcLzIwMjNcLzA1XC9JTUdfOTkwNi1zY2FsZWQuanBnIiwic2xpZGVzaG93IjoiNjM3NDEzMiJ9\">\n\t\t\t\t\t<div class=\"e-gallery-image elementor-gallery-item__image\" data-thumbnail=\"https:\/\/i0.wp.com\/cubomagico.co\/wp-content\/uploads\/2023\/05\/IMG_9906-scaled.jpg?fit=2560%2C1920&amp;ssl=1\" data-width=\"2560\" data-height=\"1920\" aria-label=\"\" role=\"img\" ><\/div>\n\t\t\t\t\t\t\t\t\t\t\t<div class=\"elementor-gallery-item__overlay\"><\/div>\n\t\t\t\t\t\t\t\t\t\t\t\t\t\t<\/a>\n\t\t\t\t\t\t\t<a class=\"e-gallery-item elementor-gallery-item elementor-animated-content\" href=\"https:\/\/i0.wp.com\/cubomagico.co\/wp-content\/uploads\/2023\/06\/Summit-2022-6.jpg?fit=801%2C600&#038;ssl=1\" data-elementor-open-lightbox=\"yes\" data-elementor-lightbox-slideshow=\"6374132\" data-elementor-lightbox-title=\"Summit-2022-6\" data-e-action-hash=\"#elementor-action%3Aaction%3Dlightbox%26settings%3DeyJpZCI6MjY3NCwidXJsIjoiaHR0cHM6XC9cL2N1Ym9tYWdpY28uY29cL3dwLWNvbnRlbnRcL3VwbG9hZHNcLzIwMjNcLzA2XC9TdW1taXQtMjAyMi02LmpwZyIsInNsaWRlc2hvdyI6IjYzNzQxMzIifQ%3D%3D\">\n\t\t\t\t\t<div class=\"e-gallery-image elementor-gallery-item__image\" data-thumbnail=\"https:\/\/i0.wp.com\/cubomagico.co\/wp-content\/uploads\/2023\/06\/Summit-2022-6.jpg?fit=801%2C600&amp;ssl=1\" data-width=\"801\" data-height=\"600\" aria-label=\"\" role=\"img\" ><\/div>\n\t\t\t\t\t\t\t\t\t\t\t<div class=\"elementor-gallery-item__overlay\"><\/div>\n\t\t\t\t\t\t\t\t\t\t\t\t\t\t<\/a>\n\t\t\t\t\t\t\t<a class=\"e-gallery-item elementor-gallery-item elementor-animated-content\" href=\"https:\/\/i0.wp.com\/cubomagico.co\/wp-content\/uploads\/2023\/06\/Varios-114.jpg?fit=801%2C600&#038;ssl=1\" data-elementor-open-lightbox=\"yes\" data-elementor-lightbox-slideshow=\"6374132\" data-elementor-lightbox-title=\"Varios-114\" data-e-action-hash=\"#elementor-action%3Aaction%3Dlightbox%26settings%3DeyJpZCI6MjY3NSwidXJsIjoiaHR0cHM6XC9cL2N1Ym9tYWdpY28uY29cL3dwLWNvbnRlbnRcL3VwbG9hZHNcLzIwMjNcLzA2XC9WYXJpb3MtMTE0LmpwZyIsInNsaWRlc2hvdyI6IjYzNzQxMzIifQ%3D%3D\">\n\t\t\t\t\t<div class=\"e-gallery-image elementor-gallery-item__image\" data-thumbnail=\"https:\/\/i0.wp.com\/cubomagico.co\/wp-content\/uploads\/2023\/06\/Varios-114.jpg?fit=801%2C600&amp;ssl=1\" data-width=\"801\" data-height=\"600\" aria-label=\"\" role=\"img\" ><\/div>\n\t\t\t\t\t\t\t\t\t\t\t<div class=\"elementor-gallery-item__overlay\"><\/div>\n\t\t\t\t\t\t\t\t\t\t\t\t\t\t<\/a>\n\t\t\t\t\t\t\t<a class=\"e-gallery-item elementor-gallery-item elementor-animated-content\" href=\"https:\/\/i0.wp.com\/cubomagico.co\/wp-content\/uploads\/2023\/06\/Hay-festival-16.jpg?fit=801%2C600&#038;ssl=1\" data-elementor-open-lightbox=\"yes\" data-elementor-lightbox-slideshow=\"6374132\" data-elementor-lightbox-title=\"Hay-festival-16\" data-e-action-hash=\"#elementor-action%3Aaction%3Dlightbox%26settings%3DeyJpZCI6MjY2MSwidXJsIjoiaHR0cHM6XC9cL2N1Ym9tYWdpY28uY29cL3dwLWNvbnRlbnRcL3VwbG9hZHNcLzIwMjNcLzA2XC9IYXktZmVzdGl2YWwtMTYuanBnIiwic2xpZGVzaG93IjoiNjM3NDEzMiJ9\">\n\t\t\t\t\t<div class=\"e-gallery-image elementor-gallery-item__image\" data-thumbnail=\"https:\/\/i0.wp.com\/cubomagico.co\/wp-content\/uploads\/2023\/06\/Hay-festival-16.jpg?fit=801%2C600&amp;ssl=1\" data-width=\"801\" data-height=\"600\" aria-label=\"\" role=\"img\" ><\/div>\n\t\t\t\t\t\t\t\t\t\t\t<div class=\"elementor-gallery-item__overlay\"><\/div>\n\t\t\t\t\t\t\t\t\t\t\t\t\t\t<\/a>\n\t\t\t\t\t\t\t<a class=\"e-gallery-item elementor-gallery-item elementor-animated-content\" href=\"https:\/\/i0.wp.com\/cubomagico.co\/wp-content\/uploads\/2021\/04\/gastronomia-Hay-Festival-2020-1.jpg?fit=800%2C734&#038;ssl=1\" data-elementor-open-lightbox=\"yes\" data-elementor-lightbox-slideshow=\"6374132\" data-elementor-lightbox-title=\"gastronom\u00eda-Hay-Festival-2020\" data-e-action-hash=\"#elementor-action%3Aaction%3Dlightbox%26settings%3DeyJpZCI6Nzg4LCJ1cmwiOiJodHRwczpcL1wvY3Vib21hZ2ljby5jb1wvd3AtY29udGVudFwvdXBsb2Fkc1wvMjAyMVwvMDRcL2dhc3Ryb25vbWlhLUhheS1GZXN0aXZhbC0yMDIwLTEuanBnIiwic2xpZGVzaG93IjoiNjM3NDEzMiJ9\">\n\t\t\t\t\t<div class=\"e-gallery-image elementor-gallery-item__image\" data-thumbnail=\"https:\/\/i0.wp.com\/cubomagico.co\/wp-content\/uploads\/2021\/04\/gastronomia-Hay-Festival-2020-1.jpg?fit=800%2C734&amp;ssl=1\" data-width=\"800\" data-height=\"734\" aria-label=\"\" role=\"img\" ><\/div>\n\t\t\t\t\t\t\t\t\t\t\t<div class=\"elementor-gallery-item__overlay\"><\/div>\n\t\t\t\t\t\t\t\t\t\t\t\t\t\t<\/a>\n\t\t\t\t\t\t\t<a class=\"e-gallery-item elementor-gallery-item elementor-animated-content\" href=\"https:\/\/i0.wp.com\/cubomagico.co\/wp-content\/uploads\/2021\/04\/Tecnologia-Hay-Festival-2020.jpg?fit=800%2C734&#038;ssl=1\" data-elementor-open-lightbox=\"yes\" data-elementor-lightbox-slideshow=\"6374132\" data-elementor-lightbox-title=\"Tecnolog\u00eda-Hay-Festival-2020\" data-e-action-hash=\"#elementor-action%3Aaction%3Dlightbox%26settings%3DeyJpZCI6MzY0LCJ1cmwiOiJodHRwczpcL1wvY3Vib21hZ2ljby5jb1wvd3AtY29udGVudFwvdXBsb2Fkc1wvMjAyMVwvMDRcL1RlY25vbG9naWEtSGF5LUZlc3RpdmFsLTIwMjAuanBnIiwic2xpZGVzaG93IjoiNjM3NDEzMiJ9\">\n\t\t\t\t\t<div class=\"e-gallery-image elementor-gallery-item__image\" data-thumbnail=\"https:\/\/i0.wp.com\/cubomagico.co\/wp-content\/uploads\/2021\/04\/Tecnologia-Hay-Festival-2020.jpg?fit=800%2C734&amp;ssl=1\" data-width=\"800\" data-height=\"734\" aria-label=\"\" role=\"img\" ><\/div>\n\t\t\t\t\t\t\t\t\t\t\t<div class=\"elementor-gallery-item__overlay\"><\/div>\n\t\t\t\t\t\t\t\t\t\t\t\t\t\t<\/a>\n\t\t\t\t\t\t\t<a class=\"e-gallery-item elementor-gallery-item elementor-animated-content\" href=\"https:\/\/i0.wp.com\/cubomagico.co\/wp-content\/uploads\/2021\/04\/Networking-Foro-Sostenibilidad.jpg?fit=800%2C734&#038;ssl=1\" data-elementor-open-lightbox=\"yes\" data-elementor-lightbox-slideshow=\"6374132\" data-elementor-lightbox-title=\"Networking-Foro-Sostenibilidad\" data-e-action-hash=\"#elementor-action%3Aaction%3Dlightbox%26settings%3DeyJpZCI6MzUzLCJ1cmwiOiJodHRwczpcL1wvY3Vib21hZ2ljby5jb1wvd3AtY29udGVudFwvdXBsb2Fkc1wvMjAyMVwvMDRcL05ldHdvcmtpbmctRm9yby1Tb3N0ZW5pYmlsaWRhZC5qcGciLCJzbGlkZXNob3ciOiI2Mzc0MTMyIn0%3D\">\n\t\t\t\t\t<div class=\"e-gallery-image elementor-gallery-item__image\" data-thumbnail=\"https:\/\/i0.wp.com\/cubomagico.co\/wp-content\/uploads\/2021\/04\/Networking-Foro-Sostenibilidad.jpg?fit=800%2C734&amp;ssl=1\" data-width=\"800\" data-height=\"734\" aria-label=\"\" role=\"img\" ><\/div>\n\t\t\t\t\t\t\t\t\t\t\t<div class=\"elementor-gallery-item__overlay\"><\/div>\n\t\t\t\t\t\t\t\t\t\t\t\t\t\t<\/a>\n\t\t\t\t\t\t\t<a class=\"e-gallery-item elementor-gallery-item elementor-animated-content\" href=\"https:\/\/i0.wp.com\/cubomagico.co\/wp-content\/uploads\/2021\/04\/Bienestar-AISEC.jpg?fit=800%2C734&#038;ssl=1\" data-elementor-open-lightbox=\"yes\" data-elementor-lightbox-slideshow=\"6374132\" data-elementor-lightbox-title=\"Bienestar-AISEC\" data-e-action-hash=\"#elementor-action%3Aaction%3Dlightbox%26settings%3DeyJpZCI6MzQyLCJ1cmwiOiJodHRwczpcL1wvY3Vib21hZ2ljby5jb1wvd3AtY29udGVudFwvdXBsb2Fkc1wvMjAyMVwvMDRcL0JpZW5lc3Rhci1BSVNFQy5qcGciLCJzbGlkZXNob3ciOiI2Mzc0MTMyIn0%3D\">\n\t\t\t\t\t<div class=\"e-gallery-image elementor-gallery-item__image\" data-thumbnail=\"https:\/\/i0.wp.com\/cubomagico.co\/wp-content\/uploads\/2021\/04\/Bienestar-AISEC.jpg?fit=800%2C734&amp;ssl=1\" data-width=\"800\" data-height=\"734\" aria-label=\"\" role=\"img\" ><\/div>\n\t\t\t\t\t\t\t\t\t\t\t<div class=\"elementor-gallery-item__overlay\"><\/div>\n\t\t\t\t\t\t\t\t\t\t\t\t\t\t<\/a>\n\t\t\t\t\t\t\t<a class=\"e-gallery-item elementor-gallery-item elementor-animated-content\" href=\"https:\/\/i0.wp.com\/cubomagico.co\/wp-content\/uploads\/2021\/04\/Bienestar-Experiencias-bienestar-2018-2.jpg?fit=800%2C734&#038;ssl=1\" data-elementor-open-lightbox=\"yes\" data-elementor-lightbox-slideshow=\"6374132\" data-elementor-lightbox-title=\"Bienestar-Experiencias-bienestar-2018-2\" data-e-action-hash=\"#elementor-action%3Aaction%3Dlightbox%26settings%3DeyJpZCI6MzI0LCJ1cmwiOiJodHRwczpcL1wvY3Vib21hZ2ljby5jb1wvd3AtY29udGVudFwvdXBsb2Fkc1wvMjAyMVwvMDRcL0JpZW5lc3Rhci1FeHBlcmllbmNpYXMtYmllbmVzdGFyLTIwMTgtMi5qcGciLCJzbGlkZXNob3ciOiI2Mzc0MTMyIn0%3D\">\n\t\t\t\t\t<div class=\"e-gallery-image elementor-gallery-item__image\" data-thumbnail=\"https:\/\/i0.wp.com\/cubomagico.co\/wp-content\/uploads\/2021\/04\/Bienestar-Experiencias-bienestar-2018-2.jpg?fit=800%2C734&amp;ssl=1\" data-width=\"800\" data-height=\"734\" aria-label=\"\" role=\"img\" ><\/div>\n\t\t\t\t\t\t\t\t\t\t\t<div class=\"elementor-gallery-item__overlay\"><\/div>\n\t\t\t\t\t\t\t\t\t\t\t\t\t\t<\/a>\n\t\t\t\t\t\t\t<a class=\"e-gallery-item elementor-gallery-item elementor-animated-content\" href=\"https:\/\/i0.wp.com\/cubomagico.co\/wp-content\/uploads\/2021\/04\/Bienestar-Experiencias-Museo.jpg?fit=800%2C734&#038;ssl=1\" data-elementor-open-lightbox=\"yes\" data-elementor-lightbox-slideshow=\"6374132\" data-elementor-lightbox-title=\"Bienestar-Experiencias--Museo\" data-e-action-hash=\"#elementor-action%3Aaction%3Dlightbox%26settings%3DeyJpZCI6MjYyLCJ1cmwiOiJodHRwczpcL1wvY3Vib21hZ2ljby5jb1wvd3AtY29udGVudFwvdXBsb2Fkc1wvMjAyMVwvMDRcL0JpZW5lc3Rhci1FeHBlcmllbmNpYXMtTXVzZW8uanBnIiwic2xpZGVzaG93IjoiNjM3NDEzMiJ9\">\n\t\t\t\t\t<div class=\"e-gallery-image elementor-gallery-item__image\" data-thumbnail=\"https:\/\/i0.wp.com\/cubomagico.co\/wp-content\/uploads\/2021\/04\/Bienestar-Experiencias-Museo.jpg?fit=800%2C734&amp;ssl=1\" data-width=\"800\" data-height=\"734\" aria-label=\"\" role=\"img\" ><\/div>\n\t\t\t\t\t\t\t\t\t\t\t<div class=\"elementor-gallery-item__overlay\"><\/div>\n\t\t\t\t\t\t\t\t\t\t\t\t\t\t<\/a>\n\t\t\t\t\t\t\t<a class=\"e-gallery-item elementor-gallery-item elementor-animated-content\" href=\"https:\/\/i0.wp.com\/cubomagico.co\/wp-content\/uploads\/2021\/04\/tecnologia-celulares.jpg?fit=800%2C734&#038;ssl=1\" data-elementor-open-lightbox=\"yes\" data-elementor-lightbox-slideshow=\"6374132\" data-elementor-lightbox-title=\"tecnolog\u00eda-celulares\" data-e-action-hash=\"#elementor-action%3Aaction%3Dlightbox%26settings%3DeyJpZCI6MzYxLCJ1cmwiOiJodHRwczpcL1wvY3Vib21hZ2ljby5jb1wvd3AtY29udGVudFwvdXBsb2Fkc1wvMjAyMVwvMDRcL3RlY25vbG9naWEtY2VsdWxhcmVzLmpwZyIsInNsaWRlc2hvdyI6IjYzNzQxMzIifQ%3D%3D\">\n\t\t\t\t\t<div class=\"e-gallery-image elementor-gallery-item__image\" data-thumbnail=\"https:\/\/i0.wp.com\/cubomagico.co\/wp-content\/uploads\/2021\/04\/tecnologia-celulares.jpg?fit=800%2C734&amp;ssl=1\" data-width=\"800\" data-height=\"734\" aria-label=\"\" role=\"img\" ><\/div>\n\t\t\t\t\t\t\t\t\t\t\t<div class=\"elementor-gallery-item__overlay\"><\/div>\n\t\t\t\t\t\t\t\t\t\t\t\t\t\t<\/a>\n\t\t\t\t\t<\/div>\n\t\t\t\t\t<\/div>\n\t\t\t\t<\/div>\n\t\t\t\t\t<\/div>\n\t\t<\/div>\n\t\t\t\t\t<\/div>\n\t\t<\/section>\n\t\t\t\t<\/div>","protected":false},"excerpt":{"rendered":"<p>SERVICIO Innovaci\u00f3n La inclusi\u00f3n de elementos innovadores en los eventos brinda experiencias \u00fanicas y enriquecedoras, fomenta la creatividad y la colaboraci\u00f3n, inspira a los asistentes a pensar de maneras diferentes y explora nuevas formas de abordar desaf\u00edos. En Cubo M\u00e1gico nos apasiona crear experiencias y momentos inolvidables para conectar personas, las compa\u00f1\u00edas y marcas. Solicitar [&hellip;]<\/p>\n","protected":false},"author":3,"featured_media":0,"parent":0,"menu_order":0,"comment_status":"closed","ping_status":"closed","template":"elementor_header_footer","meta":{"nf_dc_page":"","footnotes":""},"class_list":["post-1983","page","type-page","status-publish","hentry"],"jetpack_sharing_enabled":true,"amp_enabled":true,"_links":{"self":[{"href":"https:\/\/cubomagico.co\/en\/wp-json\/wp\/v2\/pages\/1983","targetHints":{"allow":["GET"]}}],"collection":[{"href":"https:\/\/cubomagico.co\/en\/wp-json\/wp\/v2\/pages"}],"about":[{"href":"https:\/\/cubomagico.co\/en\/wp-json\/wp\/v2\/types\/page"}],"author":[{"embeddable":true,"href":"https:\/\/cubomagico.co\/en\/wp-json\/wp\/v2\/users\/3"}],"replies":[{"embeddable":true,"href":"https:\/\/cubomagico.co\/en\/wp-json\/wp\/v2\/comments?post=1983"}],"version-history":[{"count":5,"href":"https:\/\/cubomagico.co\/en\/wp-json\/wp\/v2\/pages\/1983\/revisions"}],"predecessor-version":[{"id":2679,"href":"https:\/\/cubomagico.co\/en\/wp-json\/wp\/v2\/pages\/1983\/revisions\/2679"}],"wp:attachment":[{"href":"https:\/\/cubomagico.co\/en\/wp-json\/wp\/v2\/media?parent=1983"}],"curies":[{"name":"wp","href":"https:\/\/api.w.org\/{rel}","templated":true}]}}