{"id":1957,"date":"2022-06-30T16:52:08","date_gmt":"2022-06-30T21:52:08","guid":{"rendered":"https:\/\/cubomagico.co\/?page_id=1957"},"modified":"2023-06-13T16:23:03","modified_gmt":"2023-06-13T21:23:03","slug":"cultura","status":"publish","type":"page","link":"https:\/\/cubomagico.co\/en\/cultura\/","title":{"rendered":"Cultura"},"content":{"rendered":"<div data-elementor-type=\"wp-page\" data-elementor-id=\"1957\" class=\"elementor elementor-1957\" data-elementor-post-type=\"page\">\n\t\t\t\t\t\t<section class=\"elementor-section elementor-top-section elementor-element elementor-element-fb13778 elementor-section-content-middle elementor-section-boxed elementor-section-height-default elementor-section-height-default\" data-id=\"fb13778\" data-element_type=\"section\" data-e-type=\"section\" data-settings=\"{&quot;jet_parallax_layout_list&quot;:[],&quot;background_background&quot;:&quot;classic&quot;}\">\n\t\t\t\t\t\t<div class=\"elementor-container elementor-column-gap-default\">\n\t\t\t\t\t<div class=\"elementor-column elementor-col-50 elementor-top-column elementor-element elementor-element-7ed114f\" data-id=\"7ed114f\" data-element_type=\"column\" data-e-type=\"column\" data-settings=\"{&quot;background_background&quot;:&quot;slideshow&quot;,&quot;background_slideshow_gallery&quot;:[],&quot;background_slideshow_loop&quot;:&quot;yes&quot;,&quot;background_slideshow_slide_duration&quot;:5000,&quot;background_slideshow_slide_transition&quot;:&quot;fade&quot;,&quot;background_slideshow_transition_duration&quot;:500}\">\n\t\t\t<div class=\"elementor-widget-wrap elementor-element-populated\">\n\t\t\t\t\t\t<div class=\"elementor-element elementor-element-491ad14 elementor-widget elementor-widget-heading\" data-id=\"491ad14\" data-element_type=\"widget\" data-e-type=\"widget\" data-widget_type=\"heading.default\">\n\t\t\t\t<div class=\"elementor-widget-container\">\n\t\t\t\t\t<h3 class=\"elementor-heading-title elementor-size-default\">SERVICIO<\/h3>\t\t\t\t<\/div>\n\t\t\t\t<\/div>\n\t\t\t\t<div class=\"elementor-element elementor-element-9194cf7 elementor-invisible elementor-widget elementor-widget-heading\" data-id=\"9194cf7\" data-element_type=\"widget\" data-e-type=\"widget\" data-settings=\"{&quot;_animation&quot;:&quot;fadeIn&quot;}\" data-widget_type=\"heading.default\">\n\t\t\t\t<div class=\"elementor-widget-container\">\n\t\t\t\t\t<h1 class=\"elementor-heading-title elementor-size-default\">Cultura<\/h1>\t\t\t\t<\/div>\n\t\t\t\t<\/div>\n\t\t\t\t<div class=\"elementor-element elementor-element-bd274ec elementor-widget elementor-widget-text-editor\" data-id=\"bd274ec\" data-element_type=\"widget\" data-e-type=\"widget\" data-widget_type=\"text-editor.default\">\n\t\t\t\t<div class=\"elementor-widget-container\">\n\t\t\t\t\t\t\t\t\t<p>La cultura es un elemento fundamental en un evento, ya que nos conecta con nuestra identidad, celebra nuestra riqueza y evidencia la diversidad de nuestras ra\u00edces.<\/p><p>En Cubo M\u00e1gico nos apasiona crear experiencias y momentos inolvidables para conectar personas, las compa\u00f1\u00edas y marcas.<\/p>\t\t\t\t\t\t\t\t<\/div>\n\t\t\t\t<\/div>\n\t\t\t\t<div class=\"elementor-element elementor-element-d149f46 elementor-align-left elementor-widget elementor-widget-button\" data-id=\"d149f46\" data-element_type=\"widget\" data-e-type=\"widget\" data-widget_type=\"button.default\">\n\t\t\t\t<div class=\"elementor-widget-container\">\n\t\t\t\t\t\t\t\t\t<div class=\"elementor-button-wrapper\">\n\t\t\t\t\t<a class=\"elementor-button elementor-button-link elementor-size-sm\" href=\"https:\/\/cubomagico.co\/en\/contacto\/\">\n\t\t\t\t\t\t<span class=\"elementor-button-content-wrapper\">\n\t\t\t\t\t\t<span class=\"elementor-button-icon\">\n\t\t\t\t<i aria-hidden=\"true\" class=\"fas fa-chevron-right\"><\/i>\t\t\t<\/span>\n\t\t\t\t\t\t\t\t\t<span class=\"elementor-button-text\">Solicitar servicio<\/span>\n\t\t\t\t\t<\/span>\n\t\t\t\t\t<\/a>\n\t\t\t\t<\/div>\n\t\t\t\t\t\t\t\t<\/div>\n\t\t\t\t<\/div>\n\t\t\t\t\t<\/div>\n\t\t<\/div>\n\t\t\t\t<div class=\"elementor-column elementor-col-50 elementor-top-column elementor-element elementor-element-552e3dd\" data-id=\"552e3dd\" data-element_type=\"column\" data-e-type=\"column\">\n\t\t\t<div class=\"elementor-widget-wrap elementor-element-populated\">\n\t\t\t\t\t\t<div class=\"elementor-element elementor-element-57d27df elementor-widget elementor-widget-image\" data-id=\"57d27df\" data-element_type=\"widget\" data-e-type=\"widget\" data-widget_type=\"image.default\">\n\t\t\t\t<div class=\"elementor-widget-container\">\n\t\t\t\t\t\t\t\t\t\t\t\t\t\t\t<img fetchpriority=\"high\" decoding=\"async\" width=\"800\" height=\"734\" src=\"https:\/\/i0.wp.com\/cubomagico.co\/wp-content\/uploads\/2021\/04\/Arte-hey-festival-2020-1.jpg?fit=800%2C734&amp;ssl=1\" class=\"attachment-large size-large wp-image-637\" alt=\"\" srcset=\"https:\/\/i0.wp.com\/cubomagico.co\/wp-content\/uploads\/2021\/04\/Arte-hey-festival-2020-1.jpg?w=800&amp;ssl=1 800w, https:\/\/i0.wp.com\/cubomagico.co\/wp-content\/uploads\/2021\/04\/Arte-hey-festival-2020-1.jpg?resize=300%2C275&amp;ssl=1 300w, https:\/\/i0.wp.com\/cubomagico.co\/wp-content\/uploads\/2021\/04\/Arte-hey-festival-2020-1.jpg?resize=768%2C705&amp;ssl=1 768w, https:\/\/i0.wp.com\/cubomagico.co\/wp-content\/uploads\/2021\/04\/Arte-hey-festival-2020-1.jpg?resize=600%2C551&amp;ssl=1 600w\" sizes=\"(max-width: 800px) 100vw, 800px\" \/>\t\t\t\t\t\t\t\t\t\t\t\t\t\t\t<\/div>\n\t\t\t\t<\/div>\n\t\t\t\t\t<\/div>\n\t\t<\/div>\n\t\t\t\t\t<\/div>\n\t\t<\/section>\n\t\t\t\t<section class=\"elementor-section elementor-top-section elementor-element elementor-element-76962fe elementor-section-content-middle elementor-section-boxed elementor-section-height-default elementor-section-height-default\" data-id=\"76962fe\" data-element_type=\"section\" data-e-type=\"section\" data-settings=\"{&quot;jet_parallax_layout_list&quot;:[],&quot;background_background&quot;:&quot;classic&quot;}\">\n\t\t\t\t\t\t<div class=\"elementor-container elementor-column-gap-default\">\n\t\t\t\t\t<div class=\"elementor-column elementor-col-100 elementor-top-column elementor-element elementor-element-79ca2fb\" data-id=\"79ca2fb\" data-element_type=\"column\" data-e-type=\"column\" data-settings=\"{&quot;background_background&quot;:&quot;slideshow&quot;,&quot;background_slideshow_gallery&quot;:[],&quot;background_slideshow_loop&quot;:&quot;yes&quot;,&quot;background_slideshow_slide_duration&quot;:5000,&quot;background_slideshow_slide_transition&quot;:&quot;fade&quot;,&quot;background_slideshow_transition_duration&quot;:500}\">\n\t\t\t<div class=\"elementor-widget-wrap elementor-element-populated\">\n\t\t\t\t\t\t<div class=\"elementor-element elementor-element-c771619 elementor-widget elementor-widget-heading\" data-id=\"c771619\" data-element_type=\"widget\" data-e-type=\"widget\" data-widget_type=\"heading.default\">\n\t\t\t\t<div class=\"elementor-widget-container\">\n\t\t\t\t\t<h3 class=\"elementor-heading-title elementor-size-default\">MOMENTOS<\/h3>\t\t\t\t<\/div>\n\t\t\t\t<\/div>\n\t\t\t\t<div class=\"elementor-element elementor-element-9b634e4 elementor-invisible elementor-widget elementor-widget-heading\" data-id=\"9b634e4\" data-element_type=\"widget\" data-e-type=\"widget\" data-settings=\"{&quot;_animation&quot;:&quot;fadeIn&quot;}\" data-widget_type=\"heading.default\">\n\t\t\t\t<div class=\"elementor-widget-container\">\n\t\t\t\t\t<h2 class=\"elementor-heading-title elementor-size-default\">Lo que hace latir nuestro coraz\u00f3n<\/h2>\t\t\t\t<\/div>\n\t\t\t\t<\/div>\n\t\t\t\t\t<\/div>\n\t\t<\/div>\n\t\t\t\t\t<\/div>\n\t\t<\/section>\n\t\t\t\t<section class=\"elementor-section elementor-top-section elementor-element elementor-element-0adfcdd elementor-section-boxed elementor-section-height-default elementor-section-height-default\" data-id=\"0adfcdd\" data-element_type=\"section\" data-e-type=\"section\" data-settings=\"{&quot;jet_parallax_layout_list&quot;:[],&quot;background_background&quot;:&quot;classic&quot;}\">\n\t\t\t\t\t\t<div class=\"elementor-container elementor-column-gap-default\">\n\t\t\t\t\t<div class=\"elementor-column elementor-col-100 elementor-top-column elementor-element elementor-element-d59f6d4\" data-id=\"d59f6d4\" data-element_type=\"column\" data-e-type=\"column\">\n\t\t\t<div class=\"elementor-widget-wrap elementor-element-populated\">\n\t\t\t\t\t\t<div class=\"elementor-element elementor-element-73264b5 elementor-widget elementor-widget-gallery\" data-id=\"73264b5\" data-element_type=\"widget\" data-e-type=\"widget\" data-settings=\"{&quot;gallery_layout&quot;:&quot;masonry&quot;,&quot;columns&quot;:3,&quot;gap&quot;:{&quot;unit&quot;:&quot;px&quot;,&quot;size&quot;:12,&quot;sizes&quot;:[]},&quot;columns_mobile&quot;:2,&quot;columns_tablet&quot;:2,&quot;gap_tablet&quot;:{&quot;unit&quot;:&quot;px&quot;,&quot;size&quot;:10,&quot;sizes&quot;:[]},&quot;gap_mobile&quot;:{&quot;unit&quot;:&quot;px&quot;,&quot;size&quot;:10,&quot;sizes&quot;:[]},&quot;link_to&quot;:&quot;file&quot;,&quot;overlay_background&quot;:&quot;yes&quot;,&quot;content_hover_animation&quot;:&quot;fade-in&quot;}\" data-widget_type=\"gallery.default\">\n\t\t\t\t<div class=\"elementor-widget-container\">\n\t\t\t\t\t\t\t<div class=\"elementor-gallery__container\">\n\t\t\t\t\t\t\t<a class=\"e-gallery-item elementor-gallery-item elementor-animated-content\" href=\"https:\/\/i0.wp.com\/cubomagico.co\/wp-content\/uploads\/2023\/05\/Hay-festival-3.jpg?fit=801%2C600&#038;ssl=1\" data-elementor-open-lightbox=\"yes\" data-elementor-lightbox-slideshow=\"73264b5\" data-elementor-lightbox-title=\"Hay-festival-3\" data-e-action-hash=\"#elementor-action%3Aaction%3Dlightbox%26settings%3DeyJpZCI6MjU1NiwidXJsIjoiaHR0cHM6XC9cL2N1Ym9tYWdpY28uY29cL3dwLWNvbnRlbnRcL3VwbG9hZHNcLzIwMjNcLzA1XC9IYXktZmVzdGl2YWwtMy5qcGciLCJzbGlkZXNob3ciOiI3MzI2NGI1In0%3D\">\n\t\t\t\t\t<div class=\"e-gallery-image elementor-gallery-item__image\" data-thumbnail=\"https:\/\/i0.wp.com\/cubomagico.co\/wp-content\/uploads\/2023\/05\/Hay-festival-3.jpg?fit=801%2C600&amp;ssl=1\" data-width=\"801\" data-height=\"600\" aria-label=\"\" role=\"img\" ><\/div>\n\t\t\t\t\t\t\t\t\t\t\t<div class=\"elementor-gallery-item__overlay\"><\/div>\n\t\t\t\t\t\t\t\t\t\t\t\t\t\t<\/a>\n\t\t\t\t\t\t\t<a class=\"e-gallery-item elementor-gallery-item elementor-animated-content\" href=\"https:\/\/i0.wp.com\/cubomagico.co\/wp-content\/uploads\/2023\/06\/Varios-5.jpg?fit=801%2C600&#038;ssl=1\" data-elementor-open-lightbox=\"yes\" data-elementor-lightbox-slideshow=\"73264b5\" data-elementor-lightbox-title=\"Varios-5\" data-e-action-hash=\"#elementor-action%3Aaction%3Dlightbox%26settings%3DeyJpZCI6MjY1MywidXJsIjoiaHR0cHM6XC9cL2N1Ym9tYWdpY28uY29cL3dwLWNvbnRlbnRcL3VwbG9hZHNcLzIwMjNcLzA2XC9WYXJpb3MtNS5qcGciLCJzbGlkZXNob3ciOiI3MzI2NGI1In0%3D\">\n\t\t\t\t\t<div class=\"e-gallery-image elementor-gallery-item__image\" data-thumbnail=\"https:\/\/i0.wp.com\/cubomagico.co\/wp-content\/uploads\/2023\/06\/Varios-5.jpg?fit=801%2C600&amp;ssl=1\" data-width=\"801\" data-height=\"600\" aria-label=\"\" role=\"img\" ><\/div>\n\t\t\t\t\t\t\t\t\t\t\t<div class=\"elementor-gallery-item__overlay\"><\/div>\n\t\t\t\t\t\t\t\t\t\t\t\t\t\t<\/a>\n\t\t\t\t\t\t\t<a class=\"e-gallery-item elementor-gallery-item elementor-animated-content\" href=\"https:\/\/i0.wp.com\/cubomagico.co\/wp-content\/uploads\/2023\/06\/Hay-fetival.jpg?fit=801%2C600&#038;ssl=1\" data-elementor-open-lightbox=\"yes\" data-elementor-lightbox-slideshow=\"73264b5\" data-elementor-lightbox-title=\"Hay-fetival\" data-e-action-hash=\"#elementor-action%3Aaction%3Dlightbox%26settings%3DeyJpZCI6MjY1NSwidXJsIjoiaHR0cHM6XC9cL2N1Ym9tYWdpY28uY29cL3dwLWNvbnRlbnRcL3VwbG9hZHNcLzIwMjNcLzA2XC9IYXktZmV0aXZhbC5qcGciLCJzbGlkZXNob3ciOiI3MzI2NGI1In0%3D\">\n\t\t\t\t\t<div class=\"e-gallery-image elementor-gallery-item__image\" data-thumbnail=\"https:\/\/i0.wp.com\/cubomagico.co\/wp-content\/uploads\/2023\/06\/Hay-fetival.jpg?fit=801%2C600&amp;ssl=1\" data-width=\"801\" data-height=\"600\" aria-label=\"\" role=\"img\" ><\/div>\n\t\t\t\t\t\t\t\t\t\t\t<div class=\"elementor-gallery-item__overlay\"><\/div>\n\t\t\t\t\t\t\t\t\t\t\t\t\t\t<\/a>\n\t\t\t\t\t\t\t<a class=\"e-gallery-item elementor-gallery-item elementor-animated-content\" href=\"https:\/\/i0.wp.com\/cubomagico.co\/wp-content\/uploads\/2023\/05\/Festical-2022-1.jpg?fit=801%2C1230&#038;ssl=1\" data-elementor-open-lightbox=\"yes\" data-elementor-lightbox-slideshow=\"73264b5\" data-elementor-lightbox-title=\"Festical-2022-1\" data-e-action-hash=\"#elementor-action%3Aaction%3Dlightbox%26settings%3DeyJpZCI6MjU3NSwidXJsIjoiaHR0cHM6XC9cL2N1Ym9tYWdpY28uY29cL3dwLWNvbnRlbnRcL3VwbG9hZHNcLzIwMjNcLzA1XC9GZXN0aWNhbC0yMDIyLTEuanBnIiwic2xpZGVzaG93IjoiNzMyNjRiNSJ9\">\n\t\t\t\t\t<div class=\"e-gallery-image elementor-gallery-item__image\" data-thumbnail=\"https:\/\/i0.wp.com\/cubomagico.co\/wp-content\/uploads\/2023\/05\/Festical-2022-1.jpg?fit=801%2C1230&amp;ssl=1\" data-width=\"801\" data-height=\"1230\" aria-label=\"\" role=\"img\" ><\/div>\n\t\t\t\t\t\t\t\t\t\t\t<div class=\"elementor-gallery-item__overlay\"><\/div>\n\t\t\t\t\t\t\t\t\t\t\t\t\t\t<\/a>\n\t\t\t\t\t\t\t<a class=\"e-gallery-item elementor-gallery-item elementor-animated-content\" href=\"https:\/\/i0.wp.com\/cubomagico.co\/wp-content\/uploads\/2023\/06\/Varios-4.jpg?fit=801%2C600&#038;ssl=1\" data-elementor-open-lightbox=\"yes\" data-elementor-lightbox-slideshow=\"73264b5\" data-elementor-lightbox-title=\"Varios-4\" data-e-action-hash=\"#elementor-action%3Aaction%3Dlightbox%26settings%3DeyJpZCI6MjY1MiwidXJsIjoiaHR0cHM6XC9cL2N1Ym9tYWdpY28uY29cL3dwLWNvbnRlbnRcL3VwbG9hZHNcLzIwMjNcLzA2XC9WYXJpb3MtNC5qcGciLCJzbGlkZXNob3ciOiI3MzI2NGI1In0%3D\">\n\t\t\t\t\t<div class=\"e-gallery-image elementor-gallery-item__image\" data-thumbnail=\"https:\/\/i0.wp.com\/cubomagico.co\/wp-content\/uploads\/2023\/06\/Varios-4.jpg?fit=801%2C600&amp;ssl=1\" data-width=\"801\" data-height=\"600\" aria-label=\"\" role=\"img\" ><\/div>\n\t\t\t\t\t\t\t\t\t\t\t<div class=\"elementor-gallery-item__overlay\"><\/div>\n\t\t\t\t\t\t\t\t\t\t\t\t\t\t<\/a>\n\t\t\t\t\t\t\t<a class=\"e-gallery-item elementor-gallery-item elementor-animated-content\" href=\"https:\/\/i0.wp.com\/cubomagico.co\/wp-content\/uploads\/2021\/04\/tecnologia-cartagena.jpg?fit=924%2C800&#038;ssl=1\" data-elementor-open-lightbox=\"yes\" data-elementor-lightbox-slideshow=\"73264b5\" data-elementor-lightbox-title=\"tecnologia-cartagena\" data-e-action-hash=\"#elementor-action%3Aaction%3Dlightbox%26settings%3DeyJpZCI6ODE3LCJ1cmwiOiJodHRwczpcL1wvY3Vib21hZ2ljby5jb1wvd3AtY29udGVudFwvdXBsb2Fkc1wvMjAyMVwvMDRcL3RlY25vbG9naWEtY2FydGFnZW5hLmpwZyIsInNsaWRlc2hvdyI6IjczMjY0YjUifQ%3D%3D\">\n\t\t\t\t\t<div class=\"e-gallery-image elementor-gallery-item__image\" data-thumbnail=\"https:\/\/i0.wp.com\/cubomagico.co\/wp-content\/uploads\/2021\/04\/tecnologia-cartagena.jpg?fit=924%2C800&amp;ssl=1\" data-width=\"924\" data-height=\"800\" aria-label=\"\" role=\"img\" ><\/div>\n\t\t\t\t\t\t\t\t\t\t\t<div class=\"elementor-gallery-item__overlay\"><\/div>\n\t\t\t\t\t\t\t\t\t\t\t\t\t\t<\/a>\n\t\t\t\t\t\t\t<a class=\"e-gallery-item elementor-gallery-item elementor-animated-content\" href=\"https:\/\/i0.wp.com\/cubomagico.co\/wp-content\/uploads\/2021\/04\/Servicios-Forum-2019-1.jpg?fit=800%2C1229&#038;ssl=1\" data-elementor-open-lightbox=\"yes\" data-elementor-lightbox-slideshow=\"73264b5\" data-elementor-lightbox-title=\"Servicios-F\u00f3rum-2019\" data-e-action-hash=\"#elementor-action%3Aaction%3Dlightbox%26settings%3DeyJpZCI6NzQzLCJ1cmwiOiJodHRwczpcL1wvY3Vib21hZ2ljby5jb1wvd3AtY29udGVudFwvdXBsb2Fkc1wvMjAyMVwvMDRcL1NlcnZpY2lvcy1Gb3J1bS0yMDE5LTEuanBnIiwic2xpZGVzaG93IjoiNzMyNjRiNSJ9\">\n\t\t\t\t\t<div class=\"e-gallery-image elementor-gallery-item__image\" data-thumbnail=\"https:\/\/i0.wp.com\/cubomagico.co\/wp-content\/uploads\/2021\/04\/Servicios-Forum-2019-1.jpg?fit=800%2C1229&amp;ssl=1\" data-width=\"800\" data-height=\"1229\" aria-label=\"\" role=\"img\" ><\/div>\n\t\t\t\t\t\t\t\t\t\t\t<div class=\"elementor-gallery-item__overlay\"><\/div>\n\t\t\t\t\t\t\t\t\t\t\t\t\t\t<\/a>\n\t\t\t\t\t\t\t<a class=\"e-gallery-item elementor-gallery-item elementor-animated-content\" href=\"https:\/\/i0.wp.com\/cubomagico.co\/wp-content\/uploads\/2021\/04\/cultura-hay-festival2.jpg?fit=924%2C800&#038;ssl=1\" data-elementor-open-lightbox=\"yes\" data-elementor-lightbox-slideshow=\"73264b5\" data-elementor-lightbox-title=\"cultura-hay-festival2\" data-e-action-hash=\"#elementor-action%3Aaction%3Dlightbox%26settings%3DeyJpZCI6ODEyLCJ1cmwiOiJodHRwczpcL1wvY3Vib21hZ2ljby5jb1wvd3AtY29udGVudFwvdXBsb2Fkc1wvMjAyMVwvMDRcL2N1bHR1cmEtaGF5LWZlc3RpdmFsMi5qcGciLCJzbGlkZXNob3ciOiI3MzI2NGI1In0%3D\">\n\t\t\t\t\t<div class=\"e-gallery-image elementor-gallery-item__image\" data-thumbnail=\"https:\/\/i0.wp.com\/cubomagico.co\/wp-content\/uploads\/2021\/04\/cultura-hay-festival2.jpg?fit=924%2C800&amp;ssl=1\" data-width=\"924\" data-height=\"800\" aria-label=\"\" role=\"img\" ><\/div>\n\t\t\t\t\t\t\t\t\t\t\t<div class=\"elementor-gallery-item__overlay\"><\/div>\n\t\t\t\t\t\t\t\t\t\t\t\t\t\t<\/a>\n\t\t\t\t\t\t\t<a class=\"e-gallery-item elementor-gallery-item elementor-animated-content\" href=\"https:\/\/i0.wp.com\/cubomagico.co\/wp-content\/uploads\/2021\/04\/Tecnologia-Grupo-Bios-2018-Agrofutruo.jpg?fit=800%2C734&#038;ssl=1\" data-elementor-open-lightbox=\"yes\" data-elementor-lightbox-slideshow=\"73264b5\" data-elementor-lightbox-title=\"Tecnolog\u00eda-Grupo-Bios-2018-Agrofutruo\" data-e-action-hash=\"#elementor-action%3Aaction%3Dlightbox%26settings%3DeyJpZCI6MzYzLCJ1cmwiOiJodHRwczpcL1wvY3Vib21hZ2ljby5jb1wvd3AtY29udGVudFwvdXBsb2Fkc1wvMjAyMVwvMDRcL1RlY25vbG9naWEtR3J1cG8tQmlvcy0yMDE4LUFncm9mdXRydW8uanBnIiwic2xpZGVzaG93IjoiNzMyNjRiNSJ9\">\n\t\t\t\t\t<div class=\"e-gallery-image elementor-gallery-item__image\" data-thumbnail=\"https:\/\/i0.wp.com\/cubomagico.co\/wp-content\/uploads\/2021\/04\/Tecnologia-Grupo-Bios-2018-Agrofutruo.jpg?fit=800%2C734&amp;ssl=1\" data-width=\"800\" data-height=\"734\" aria-label=\"\" role=\"img\" ><\/div>\n\t\t\t\t\t\t\t\t\t\t\t<div class=\"elementor-gallery-item__overlay\"><\/div>\n\t\t\t\t\t\t\t\t\t\t\t\t\t\t<\/a>\n\t\t\t\t\t\t\t<a class=\"e-gallery-item elementor-gallery-item elementor-animated-content\" href=\"https:\/\/i0.wp.com\/cubomagico.co\/wp-content\/uploads\/2021\/04\/cultura-hay-festival.jpg?fit=924%2C800&#038;ssl=1\" data-elementor-open-lightbox=\"yes\" data-elementor-lightbox-slideshow=\"73264b5\" data-elementor-lightbox-title=\"cultura-hay-festival\" data-e-action-hash=\"#elementor-action%3Aaction%3Dlightbox%26settings%3DeyJpZCI6ODA2LCJ1cmwiOiJodHRwczpcL1wvY3Vib21hZ2ljby5jb1wvd3AtY29udGVudFwvdXBsb2Fkc1wvMjAyMVwvMDRcL2N1bHR1cmEtaGF5LWZlc3RpdmFsLmpwZyIsInNsaWRlc2hvdyI6IjczMjY0YjUifQ%3D%3D\">\n\t\t\t\t\t<div class=\"e-gallery-image elementor-gallery-item__image\" data-thumbnail=\"https:\/\/i0.wp.com\/cubomagico.co\/wp-content\/uploads\/2021\/04\/cultura-hay-festival.jpg?fit=924%2C800&amp;ssl=1\" data-width=\"924\" data-height=\"800\" aria-label=\"\" role=\"img\" ><\/div>\n\t\t\t\t\t\t\t\t\t\t\t<div class=\"elementor-gallery-item__overlay\"><\/div>\n\t\t\t\t\t\t\t\t\t\t\t\t\t\t<\/a>\n\t\t\t\t\t\t\t<a class=\"e-gallery-item elementor-gallery-item elementor-animated-content\" href=\"https:\/\/i0.wp.com\/cubomagico.co\/wp-content\/uploads\/2021\/04\/Cultura-Forum-2019-2-e1684269098368.jpg?fit=800%2C600&#038;ssl=1\" data-elementor-open-lightbox=\"yes\" data-elementor-lightbox-slideshow=\"73264b5\" data-elementor-lightbox-title=\"Cultura-F\u00f3rum-2019\" data-e-action-hash=\"#elementor-action%3Aaction%3Dlightbox%26settings%3DeyJpZCI6NDc1LCJ1cmwiOiJodHRwczpcL1wvY3Vib21hZ2ljby5jb1wvd3AtY29udGVudFwvdXBsb2Fkc1wvMjAyMVwvMDRcL0N1bHR1cmEtRm9ydW0tMjAxOS0yLWUxNjg0MjY5MDk4MzY4LmpwZyIsInNsaWRlc2hvdyI6IjczMjY0YjUifQ%3D%3D\">\n\t\t\t\t\t<div class=\"e-gallery-image elementor-gallery-item__image\" data-thumbnail=\"https:\/\/i0.wp.com\/cubomagico.co\/wp-content\/uploads\/2021\/04\/Cultura-Forum-2019-2-e1684269098368.jpg?fit=800%2C600&amp;ssl=1\" data-width=\"800\" data-height=\"600\" aria-label=\"\" role=\"img\" ><\/div>\n\t\t\t\t\t\t\t\t\t\t\t<div class=\"elementor-gallery-item__overlay\"><\/div>\n\t\t\t\t\t\t\t\t\t\t\t\t\t\t<\/a>\n\t\t\t\t\t\t\t<a class=\"e-gallery-item elementor-gallery-item elementor-animated-content\" href=\"https:\/\/i0.wp.com\/cubomagico.co\/wp-content\/uploads\/2021\/04\/Cultura-Hay-Festival-2018-2-2-e1684269145967.jpg?fit=800%2C600&#038;ssl=1\" data-elementor-open-lightbox=\"yes\" data-elementor-lightbox-slideshow=\"73264b5\" data-elementor-lightbox-title=\"Cultura-Hay-Festival-2018 -2\" data-e-action-hash=\"#elementor-action%3Aaction%3Dlightbox%26settings%3DeyJpZCI6NDczLCJ1cmwiOiJodHRwczpcL1wvY3Vib21hZ2ljby5jb1wvd3AtY29udGVudFwvdXBsb2Fkc1wvMjAyMVwvMDRcL0N1bHR1cmEtSGF5LUZlc3RpdmFsLTIwMTgtMi0yLWUxNjg0MjY5MTQ1OTY3LmpwZyIsInNsaWRlc2hvdyI6IjczMjY0YjUifQ%3D%3D\">\n\t\t\t\t\t<div class=\"e-gallery-image elementor-gallery-item__image\" data-thumbnail=\"https:\/\/i0.wp.com\/cubomagico.co\/wp-content\/uploads\/2021\/04\/Cultura-Hay-Festival-2018-2-2-e1684269145967.jpg?fit=800%2C600&amp;ssl=1\" data-width=\"800\" data-height=\"600\" aria-label=\"\" role=\"img\" ><\/div>\n\t\t\t\t\t\t\t\t\t\t\t<div class=\"elementor-gallery-item__overlay\"><\/div>\n\t\t\t\t\t\t\t\t\t\t\t\t\t\t<\/a>\n\t\t\t\t\t\t\t<a class=\"e-gallery-item elementor-gallery-item elementor-animated-content\" href=\"https:\/\/i0.wp.com\/cubomagico.co\/wp-content\/uploads\/2021\/04\/Cultura-Hay-Festival-2018-1.jpg?fit=745%2C937&#038;ssl=1\" data-elementor-open-lightbox=\"yes\" data-elementor-lightbox-slideshow=\"73264b5\" data-elementor-lightbox-title=\"Cultura-Hay-Festival-2018\" data-e-action-hash=\"#elementor-action%3Aaction%3Dlightbox%26settings%3DeyJpZCI6NDQ2LCJ1cmwiOiJodHRwczpcL1wvY3Vib21hZ2ljby5jb1wvd3AtY29udGVudFwvdXBsb2Fkc1wvMjAyMVwvMDRcL0N1bHR1cmEtSGF5LUZlc3RpdmFsLTIwMTgtMS5qcGciLCJzbGlkZXNob3ciOiI3MzI2NGI1In0%3D\">\n\t\t\t\t\t<div class=\"e-gallery-image elementor-gallery-item__image\" data-thumbnail=\"https:\/\/i0.wp.com\/cubomagico.co\/wp-content\/uploads\/2021\/04\/Cultura-Hay-Festival-2018-1.jpg?fit=745%2C937&amp;ssl=1\" data-width=\"745\" data-height=\"937\" aria-label=\"\" role=\"img\" ><\/div>\n\t\t\t\t\t\t\t\t\t\t\t<div class=\"elementor-gallery-item__overlay\"><\/div>\n\t\t\t\t\t\t\t\t\t\t\t\t\t\t<\/a>\n\t\t\t\t\t\t\t<a class=\"e-gallery-item elementor-gallery-item elementor-animated-content\" href=\"https:\/\/i0.wp.com\/cubomagico.co\/wp-content\/uploads\/2021\/04\/Sostenibilidad-Consulta-Previa.jpg?fit=800%2C734&#038;ssl=1\" data-elementor-open-lightbox=\"yes\" data-elementor-lightbox-slideshow=\"73264b5\" data-elementor-lightbox-title=\"Sostenibilidad-Consulta-Previa\" data-e-action-hash=\"#elementor-action%3Aaction%3Dlightbox%26settings%3DeyJpZCI6MzU3LCJ1cmwiOiJodHRwczpcL1wvY3Vib21hZ2ljby5jb1wvd3AtY29udGVudFwvdXBsb2Fkc1wvMjAyMVwvMDRcL1Nvc3RlbmliaWxpZGFkLUNvbnN1bHRhLVByZXZpYS5qcGciLCJzbGlkZXNob3ciOiI3MzI2NGI1In0%3D\">\n\t\t\t\t\t<div class=\"e-gallery-image elementor-gallery-item__image\" data-thumbnail=\"https:\/\/i0.wp.com\/cubomagico.co\/wp-content\/uploads\/2021\/04\/Sostenibilidad-Consulta-Previa.jpg?fit=800%2C734&amp;ssl=1\" data-width=\"800\" data-height=\"734\" aria-label=\"\" role=\"img\" ><\/div>\n\t\t\t\t\t\t\t\t\t\t\t<div class=\"elementor-gallery-item__overlay\"><\/div>\n\t\t\t\t\t\t\t\t\t\t\t\t\t\t<\/a>\n\t\t\t\t\t\t\t<a class=\"e-gallery-item elementor-gallery-item elementor-animated-content\" href=\"https:\/\/i0.wp.com\/cubomagico.co\/wp-content\/uploads\/2023\/06\/Varios-15.jpg?fit=801%2C600&#038;ssl=1\" data-elementor-open-lightbox=\"yes\" data-elementor-lightbox-slideshow=\"73264b5\" data-elementor-lightbox-title=\"Varios-15\" data-e-action-hash=\"#elementor-action%3Aaction%3Dlightbox%26settings%3DeyJpZCI6MjY1NCwidXJsIjoiaHR0cHM6XC9cL2N1Ym9tYWdpY28uY29cL3dwLWNvbnRlbnRcL3VwbG9hZHNcLzIwMjNcLzA2XC9WYXJpb3MtMTUuanBnIiwic2xpZGVzaG93IjoiNzMyNjRiNSJ9\">\n\t\t\t\t\t<div class=\"e-gallery-image elementor-gallery-item__image\" data-thumbnail=\"https:\/\/i0.wp.com\/cubomagico.co\/wp-content\/uploads\/2023\/06\/Varios-15.jpg?fit=801%2C600&amp;ssl=1\" data-width=\"801\" data-height=\"600\" aria-label=\"\" role=\"img\" ><\/div>\n\t\t\t\t\t\t\t\t\t\t\t<div class=\"elementor-gallery-item__overlay\"><\/div>\n\t\t\t\t\t\t\t\t\t\t\t\t\t\t<\/a>\n\t\t\t\t\t<\/div>\n\t\t\t\t\t<\/div>\n\t\t\t\t<\/div>\n\t\t\t\t\t<\/div>\n\t\t<\/div>\n\t\t\t\t\t<\/div>\n\t\t<\/section>\n\t\t\t\t<\/div>","protected":false},"excerpt":{"rendered":"<p>SERVICIO Cultura La cultura es un elemento fundamental en un evento, ya que nos conecta con nuestra identidad, celebra nuestra riqueza y evidencia la diversidad de nuestras ra\u00edces. En Cubo M\u00e1gico nos apasiona crear experiencias y momentos inolvidables para conectar personas, las compa\u00f1\u00edas y marcas. Solicitar servicio MOMENTOS Lo que hace latir nuestro coraz\u00f3n<\/p>","protected":false},"author":3,"featured_media":0,"parent":0,"menu_order":0,"comment_status":"closed","ping_status":"closed","template":"elementor_header_footer","meta":{"nf_dc_page":"","footnotes":""},"class_list":["post-1957","page","type-page","status-publish","hentry"],"jetpack_sharing_enabled":true,"amp_enabled":true,"_links":{"self":[{"href":"https:\/\/cubomagico.co\/en\/wp-json\/wp\/v2\/pages\/1957","targetHints":{"allow":["GET"]}}],"collection":[{"href":"https:\/\/cubomagico.co\/en\/wp-json\/wp\/v2\/pages"}],"about":[{"href":"https:\/\/cubomagico.co\/en\/wp-json\/wp\/v2\/types\/page"}],"author":[{"embeddable":true,"href":"https:\/\/cubomagico.co\/en\/wp-json\/wp\/v2\/users\/3"}],"replies":[{"embeddable":true,"href":"https:\/\/cubomagico.co\/en\/wp-json\/wp\/v2\/comments?post=1957"}],"version-history":[{"count":5,"href":"https:\/\/cubomagico.co\/en\/wp-json\/wp\/v2\/pages\/1957\/revisions"}],"predecessor-version":[{"id":2658,"href":"https:\/\/cubomagico.co\/en\/wp-json\/wp\/v2\/pages\/1957\/revisions\/2658"}],"wp:attachment":[{"href":"https:\/\/cubomagico.co\/en\/wp-json\/wp\/v2\/media?parent=1957"}],"curies":[{"name":"wp","href":"https:\/\/api.w.org\/{rel}","templated":true}]}}