{"id":1926,"date":"2022-06-30T16:31:57","date_gmt":"2022-06-30T21:31:57","guid":{"rendered":"https:\/\/cubomagico.co\/?page_id=1926"},"modified":"2023-06-13T16:31:17","modified_gmt":"2023-06-13T21:31:17","slug":"gastronomia","status":"publish","type":"page","link":"https:\/\/cubomagico.co\/en\/gastronomia\/","title":{"rendered":"Gastronom\u00eda"},"content":{"rendered":"<div data-elementor-type=\"wp-page\" data-elementor-id=\"1926\" class=\"elementor elementor-1926\" data-elementor-post-type=\"page\">\n\t\t\t\t\t\t<section class=\"elementor-section elementor-top-section elementor-element elementor-element-1125da0 elementor-section-content-middle elementor-section-boxed elementor-section-height-default elementor-section-height-default\" data-id=\"1125da0\" data-element_type=\"section\" data-e-type=\"section\" data-settings=\"{&quot;jet_parallax_layout_list&quot;:[],&quot;background_background&quot;:&quot;classic&quot;}\">\n\t\t\t\t\t\t<div class=\"elementor-container elementor-column-gap-default\">\n\t\t\t\t\t<div class=\"elementor-column elementor-col-50 elementor-top-column elementor-element elementor-element-aa5e7a1\" data-id=\"aa5e7a1\" data-element_type=\"column\" data-e-type=\"column\" data-settings=\"{&quot;background_background&quot;:&quot;slideshow&quot;,&quot;background_slideshow_gallery&quot;:[],&quot;background_slideshow_loop&quot;:&quot;yes&quot;,&quot;background_slideshow_slide_duration&quot;:5000,&quot;background_slideshow_slide_transition&quot;:&quot;fade&quot;,&quot;background_slideshow_transition_duration&quot;:500}\">\n\t\t\t<div class=\"elementor-widget-wrap elementor-element-populated\">\n\t\t\t\t\t\t<div class=\"elementor-element elementor-element-766888f elementor-widget elementor-widget-heading\" data-id=\"766888f\" data-element_type=\"widget\" data-e-type=\"widget\" data-widget_type=\"heading.default\">\n\t\t\t\t<div class=\"elementor-widget-container\">\n\t\t\t\t\t<h3 class=\"elementor-heading-title elementor-size-default\">SERVICIO<\/h3>\t\t\t\t<\/div>\n\t\t\t\t<\/div>\n\t\t\t\t<div class=\"elementor-element elementor-element-a348f65 elementor-invisible elementor-widget elementor-widget-heading\" data-id=\"a348f65\" data-element_type=\"widget\" data-e-type=\"widget\" data-settings=\"{&quot;_animation&quot;:&quot;fadeIn&quot;}\" data-widget_type=\"heading.default\">\n\t\t\t\t<div class=\"elementor-widget-container\">\n\t\t\t\t\t<h1 class=\"elementor-heading-title elementor-size-default\">Gastronom\u00eda<\/h1>\t\t\t\t<\/div>\n\t\t\t\t<\/div>\n\t\t\t\t<div class=\"elementor-element elementor-element-93b5362 elementor-widget elementor-widget-text-editor\" data-id=\"93b5362\" data-element_type=\"widget\" data-e-type=\"widget\" data-widget_type=\"text-editor.default\">\n\t\t\t\t<div class=\"elementor-widget-container\">\n\t\t\t\t\t\t\t\t\t<p>La gastronom\u00eda es una forma poderosa de contar historias y trasmitir valores culturales a trav\u00e9s de alimentos, creemos que al incluirlos en una experiencia se promueve el trabajo local y se fomentan pr\u00e1cticas responsables conectadas a la cadena de valor.<\/p><p>En Cubo M\u00e1gico nos apasiona crear experiencias y momentos inolvidables para conectar personas, las compa\u00f1\u00edas y marcas.<\/p>\t\t\t\t\t\t\t\t<\/div>\n\t\t\t\t<\/div>\n\t\t\t\t<div class=\"elementor-element elementor-element-3096556 elementor-align-left elementor-widget elementor-widget-button\" data-id=\"3096556\" data-element_type=\"widget\" data-e-type=\"widget\" data-widget_type=\"button.default\">\n\t\t\t\t<div class=\"elementor-widget-container\">\n\t\t\t\t\t\t\t\t\t<div class=\"elementor-button-wrapper\">\n\t\t\t\t\t<a class=\"elementor-button elementor-button-link elementor-size-sm\" href=\"https:\/\/cubomagico.co\/en\/contacto\/\">\n\t\t\t\t\t\t<span class=\"elementor-button-content-wrapper\">\n\t\t\t\t\t\t<span class=\"elementor-button-icon\">\n\t\t\t\t<i aria-hidden=\"true\" class=\"fas fa-chevron-right\"><\/i>\t\t\t<\/span>\n\t\t\t\t\t\t\t\t\t<span class=\"elementor-button-text\">Solicitar servicio<\/span>\n\t\t\t\t\t<\/span>\n\t\t\t\t\t<\/a>\n\t\t\t\t<\/div>\n\t\t\t\t\t\t\t\t<\/div>\n\t\t\t\t<\/div>\n\t\t\t\t\t<\/div>\n\t\t<\/div>\n\t\t\t\t<div class=\"elementor-column elementor-col-50 elementor-top-column elementor-element elementor-element-808a44c\" data-id=\"808a44c\" data-element_type=\"column\" data-e-type=\"column\">\n\t\t\t<div class=\"elementor-widget-wrap elementor-element-populated\">\n\t\t\t\t\t\t<div class=\"elementor-element elementor-element-2388936 elementor-widget elementor-widget-image\" data-id=\"2388936\" data-element_type=\"widget\" data-e-type=\"widget\" data-widget_type=\"image.default\">\n\t\t\t\t<div class=\"elementor-widget-container\">\n\t\t\t\t\t\t\t\t\t\t\t\t\t\t\t<img fetchpriority=\"high\" decoding=\"async\" width=\"800\" height=\"734\" src=\"https:\/\/i0.wp.com\/cubomagico.co\/wp-content\/uploads\/2021\/04\/gastronomia-Forum-2019-2-2.jpg?fit=800%2C734&amp;ssl=1\" class=\"attachment-large size-large wp-image-449\" alt=\"\" srcset=\"https:\/\/i0.wp.com\/cubomagico.co\/wp-content\/uploads\/2021\/04\/gastronomia-Forum-2019-2-2.jpg?w=800&amp;ssl=1 800w, https:\/\/i0.wp.com\/cubomagico.co\/wp-content\/uploads\/2021\/04\/gastronomia-Forum-2019-2-2.jpg?resize=300%2C275&amp;ssl=1 300w, https:\/\/i0.wp.com\/cubomagico.co\/wp-content\/uploads\/2021\/04\/gastronomia-Forum-2019-2-2.jpg?resize=768%2C705&amp;ssl=1 768w, https:\/\/i0.wp.com\/cubomagico.co\/wp-content\/uploads\/2021\/04\/gastronomia-Forum-2019-2-2.jpg?resize=600%2C551&amp;ssl=1 600w\" sizes=\"(max-width: 800px) 100vw, 800px\" \/>\t\t\t\t\t\t\t\t\t\t\t\t\t\t\t<\/div>\n\t\t\t\t<\/div>\n\t\t\t\t\t<\/div>\n\t\t<\/div>\n\t\t\t\t\t<\/div>\n\t\t<\/section>\n\t\t\t\t<section class=\"elementor-section elementor-top-section elementor-element elementor-element-8d33543 elementor-section-content-middle elementor-section-boxed elementor-section-height-default elementor-section-height-default\" data-id=\"8d33543\" data-element_type=\"section\" data-e-type=\"section\" data-settings=\"{&quot;jet_parallax_layout_list&quot;:[],&quot;background_background&quot;:&quot;classic&quot;}\">\n\t\t\t\t\t\t<div class=\"elementor-container elementor-column-gap-default\">\n\t\t\t\t\t<div class=\"elementor-column elementor-col-100 elementor-top-column elementor-element elementor-element-ba16344\" data-id=\"ba16344\" data-element_type=\"column\" data-e-type=\"column\" data-settings=\"{&quot;background_background&quot;:&quot;slideshow&quot;,&quot;background_slideshow_gallery&quot;:[],&quot;background_slideshow_loop&quot;:&quot;yes&quot;,&quot;background_slideshow_slide_duration&quot;:5000,&quot;background_slideshow_slide_transition&quot;:&quot;fade&quot;,&quot;background_slideshow_transition_duration&quot;:500}\">\n\t\t\t<div class=\"elementor-widget-wrap elementor-element-populated\">\n\t\t\t\t\t\t<div class=\"elementor-element elementor-element-72b0848 elementor-widget elementor-widget-heading\" data-id=\"72b0848\" data-element_type=\"widget\" data-e-type=\"widget\" data-widget_type=\"heading.default\">\n\t\t\t\t<div class=\"elementor-widget-container\">\n\t\t\t\t\t<h3 class=\"elementor-heading-title elementor-size-default\">MOMENTOS<\/h3>\t\t\t\t<\/div>\n\t\t\t\t<\/div>\n\t\t\t\t<div class=\"elementor-element elementor-element-20a445d elementor-invisible elementor-widget elementor-widget-heading\" data-id=\"20a445d\" data-element_type=\"widget\" data-e-type=\"widget\" data-settings=\"{&quot;_animation&quot;:&quot;fadeIn&quot;}\" data-widget_type=\"heading.default\">\n\t\t\t\t<div class=\"elementor-widget-container\">\n\t\t\t\t\t<h2 class=\"elementor-heading-title elementor-size-default\">Lo que hace latir nuestro coraz\u00f3n<\/h2>\t\t\t\t<\/div>\n\t\t\t\t<\/div>\n\t\t\t\t\t<\/div>\n\t\t<\/div>\n\t\t\t\t\t<\/div>\n\t\t<\/section>\n\t\t\t\t<section class=\"elementor-section elementor-top-section elementor-element elementor-element-6155bd8 elementor-section-boxed elementor-section-height-default elementor-section-height-default\" data-id=\"6155bd8\" data-element_type=\"section\" data-e-type=\"section\" data-settings=\"{&quot;jet_parallax_layout_list&quot;:[],&quot;background_background&quot;:&quot;classic&quot;}\">\n\t\t\t\t\t\t<div class=\"elementor-container elementor-column-gap-default\">\n\t\t\t\t\t<div class=\"elementor-column elementor-col-100 elementor-top-column elementor-element elementor-element-1a1b3db\" data-id=\"1a1b3db\" data-element_type=\"column\" data-e-type=\"column\">\n\t\t\t<div class=\"elementor-widget-wrap elementor-element-populated\">\n\t\t\t\t\t\t<div class=\"elementor-element elementor-element-13b2aad elementor-widget elementor-widget-gallery\" data-id=\"13b2aad\" data-element_type=\"widget\" data-e-type=\"widget\" data-settings=\"{&quot;gallery_layout&quot;:&quot;masonry&quot;,&quot;columns&quot;:3,&quot;gap&quot;:{&quot;unit&quot;:&quot;px&quot;,&quot;size&quot;:12,&quot;sizes&quot;:[]},&quot;columns_mobile&quot;:2,&quot;columns_tablet&quot;:2,&quot;gap_tablet&quot;:{&quot;unit&quot;:&quot;px&quot;,&quot;size&quot;:10,&quot;sizes&quot;:[]},&quot;gap_mobile&quot;:{&quot;unit&quot;:&quot;px&quot;,&quot;size&quot;:10,&quot;sizes&quot;:[]},&quot;link_to&quot;:&quot;file&quot;,&quot;overlay_background&quot;:&quot;yes&quot;,&quot;content_hover_animation&quot;:&quot;fade-in&quot;}\" data-widget_type=\"gallery.default\">\n\t\t\t\t<div class=\"elementor-widget-container\">\n\t\t\t\t\t\t\t<div class=\"elementor-gallery__container\">\n\t\t\t\t\t\t\t<a class=\"e-gallery-item elementor-gallery-item elementor-animated-content\" href=\"https:\/\/i0.wp.com\/cubomagico.co\/wp-content\/uploads\/2023\/06\/Summit-2022-15.jpg?fit=801%2C1000&#038;ssl=1\" data-elementor-open-lightbox=\"yes\" data-elementor-lightbox-slideshow=\"13b2aad\" data-elementor-lightbox-title=\"Summit-2022-15\" data-e-action-hash=\"#elementor-action%3Aaction%3Dlightbox%26settings%3DeyJpZCI6MjY3MCwidXJsIjoiaHR0cHM6XC9cL2N1Ym9tYWdpY28uY29cL3dwLWNvbnRlbnRcL3VwbG9hZHNcLzIwMjNcLzA2XC9TdW1taXQtMjAyMi0xNS5qcGciLCJzbGlkZXNob3ciOiIxM2IyYWFkIn0%3D\">\n\t\t\t\t\t<div class=\"e-gallery-image elementor-gallery-item__image\" data-thumbnail=\"https:\/\/i0.wp.com\/cubomagico.co\/wp-content\/uploads\/2023\/06\/Summit-2022-15.jpg?fit=801%2C1000&amp;ssl=1\" data-width=\"801\" data-height=\"1000\" aria-label=\"\" role=\"img\" ><\/div>\n\t\t\t\t\t\t\t\t\t\t\t<div class=\"elementor-gallery-item__overlay\"><\/div>\n\t\t\t\t\t\t\t\t\t\t\t\t\t\t<\/a>\n\t\t\t\t\t\t\t<a class=\"e-gallery-item elementor-gallery-item elementor-animated-content\" href=\"https:\/\/i0.wp.com\/cubomagico.co\/wp-content\/uploads\/2023\/06\/Summit-2022-10.jpg?fit=801%2C600&#038;ssl=1\" data-elementor-open-lightbox=\"yes\" data-elementor-lightbox-slideshow=\"13b2aad\" data-elementor-lightbox-title=\"Summit-2022-10\" data-e-action-hash=\"#elementor-action%3Aaction%3Dlightbox%26settings%3DeyJpZCI6MjY2OCwidXJsIjoiaHR0cHM6XC9cL2N1Ym9tYWdpY28uY29cL3dwLWNvbnRlbnRcL3VwbG9hZHNcLzIwMjNcLzA2XC9TdW1taXQtMjAyMi0xMC5qcGciLCJzbGlkZXNob3ciOiIxM2IyYWFkIn0%3D\">\n\t\t\t\t\t<div class=\"e-gallery-image elementor-gallery-item__image\" data-thumbnail=\"https:\/\/i0.wp.com\/cubomagico.co\/wp-content\/uploads\/2023\/06\/Summit-2022-10.jpg?fit=801%2C600&amp;ssl=1\" data-width=\"801\" data-height=\"600\" aria-label=\"\" role=\"img\" ><\/div>\n\t\t\t\t\t\t\t\t\t\t\t<div class=\"elementor-gallery-item__overlay\"><\/div>\n\t\t\t\t\t\t\t\t\t\t\t\t\t\t<\/a>\n\t\t\t\t\t\t\t<a class=\"e-gallery-item elementor-gallery-item elementor-animated-content\" href=\"https:\/\/i0.wp.com\/cubomagico.co\/wp-content\/uploads\/2023\/06\/Summit-2022-11.jpg?fit=801%2C600&#038;ssl=1\" data-elementor-open-lightbox=\"yes\" data-elementor-lightbox-slideshow=\"13b2aad\" data-elementor-lightbox-title=\"Summit-2022-11\" data-e-action-hash=\"#elementor-action%3Aaction%3Dlightbox%26settings%3DeyJpZCI6MjY2OSwidXJsIjoiaHR0cHM6XC9cL2N1Ym9tYWdpY28uY29cL3dwLWNvbnRlbnRcL3VwbG9hZHNcLzIwMjNcLzA2XC9TdW1taXQtMjAyMi0xMS5qcGciLCJzbGlkZXNob3ciOiIxM2IyYWFkIn0%3D\">\n\t\t\t\t\t<div class=\"e-gallery-image elementor-gallery-item__image\" data-thumbnail=\"https:\/\/i0.wp.com\/cubomagico.co\/wp-content\/uploads\/2023\/06\/Summit-2022-11.jpg?fit=801%2C600&amp;ssl=1\" data-width=\"801\" data-height=\"600\" aria-label=\"\" role=\"img\" ><\/div>\n\t\t\t\t\t\t\t\t\t\t\t<div class=\"elementor-gallery-item__overlay\"><\/div>\n\t\t\t\t\t\t\t\t\t\t\t\t\t\t<\/a>\n\t\t\t\t\t\t\t<a class=\"e-gallery-item elementor-gallery-item elementor-animated-content\" href=\"https:\/\/i0.wp.com\/cubomagico.co\/wp-content\/uploads\/2021\/04\/gastronomia-Forum-2019-2-3-e1684269122729.jpg?fit=800%2C600&#038;ssl=1\" data-elementor-open-lightbox=\"yes\" data-elementor-lightbox-slideshow=\"13b2aad\" data-elementor-lightbox-title=\"gastronom\u00eda-F\u00f3rum-2019-2\" data-e-action-hash=\"#elementor-action%3Aaction%3Dlightbox%26settings%3DeyJpZCI6NDc4LCJ1cmwiOiJodHRwczpcL1wvY3Vib21hZ2ljby5jb1wvd3AtY29udGVudFwvdXBsb2Fkc1wvMjAyMVwvMDRcL2dhc3Ryb25vbWlhLUZvcnVtLTIwMTktMi0zLWUxNjg0MjY5MTIyNzI5LmpwZyIsInNsaWRlc2hvdyI6IjEzYjJhYWQifQ%3D%3D\">\n\t\t\t\t\t<div class=\"e-gallery-image elementor-gallery-item__image\" data-thumbnail=\"https:\/\/i0.wp.com\/cubomagico.co\/wp-content\/uploads\/2021\/04\/gastronomia-Forum-2019-2-3-e1684269122729.jpg?fit=800%2C600&amp;ssl=1\" data-width=\"800\" data-height=\"600\" aria-label=\"\" role=\"img\" ><\/div>\n\t\t\t\t\t\t\t\t\t\t\t<div class=\"elementor-gallery-item__overlay\"><\/div>\n\t\t\t\t\t\t\t\t\t\t\t\t\t\t<\/a>\n\t\t\t\t\t\t\t<a class=\"e-gallery-item elementor-gallery-item elementor-animated-content\" href=\"https:\/\/i0.wp.com\/cubomagico.co\/wp-content\/uploads\/2021\/04\/Gastronomia-Gourmet-2.jpg?fit=800%2C734&#038;ssl=1\" data-elementor-open-lightbox=\"yes\" data-elementor-lightbox-slideshow=\"13b2aad\" data-elementor-lightbox-title=\"Gastronom\u00eda-Gourmet-2\" data-e-action-hash=\"#elementor-action%3Aaction%3Dlightbox%26settings%3DeyJpZCI6MzQxLCJ1cmwiOiJodHRwczpcL1wvY3Vib21hZ2ljby5jb1wvd3AtY29udGVudFwvdXBsb2Fkc1wvMjAyMVwvMDRcL0dhc3Ryb25vbWlhLUdvdXJtZXQtMi5qcGciLCJzbGlkZXNob3ciOiIxM2IyYWFkIn0%3D\">\n\t\t\t\t\t<div class=\"e-gallery-image elementor-gallery-item__image\" data-thumbnail=\"https:\/\/i0.wp.com\/cubomagico.co\/wp-content\/uploads\/2021\/04\/Gastronomia-Gourmet-2.jpg?fit=800%2C734&amp;ssl=1\" data-width=\"800\" data-height=\"734\" aria-label=\"\" role=\"img\" ><\/div>\n\t\t\t\t\t\t\t\t\t\t\t<div class=\"elementor-gallery-item__overlay\"><\/div>\n\t\t\t\t\t\t\t\t\t\t\t\t\t\t<\/a>\n\t\t\t\t\t\t\t<a class=\"e-gallery-item elementor-gallery-item elementor-animated-content\" href=\"https:\/\/i0.wp.com\/cubomagico.co\/wp-content\/uploads\/2021\/04\/Gastronomia-Gourmet.jpg?fit=800%2C734&#038;ssl=1\" data-elementor-open-lightbox=\"yes\" data-elementor-lightbox-slideshow=\"13b2aad\" data-elementor-lightbox-title=\"Gastronom\u00eda-Gourmet\" data-e-action-hash=\"#elementor-action%3Aaction%3Dlightbox%26settings%3DeyJpZCI6MzQwLCJ1cmwiOiJodHRwczpcL1wvY3Vib21hZ2ljby5jb1wvd3AtY29udGVudFwvdXBsb2Fkc1wvMjAyMVwvMDRcL0dhc3Ryb25vbWlhLUdvdXJtZXQuanBnIiwic2xpZGVzaG93IjoiMTNiMmFhZCJ9\">\n\t\t\t\t\t<div class=\"e-gallery-image elementor-gallery-item__image\" data-thumbnail=\"https:\/\/i0.wp.com\/cubomagico.co\/wp-content\/uploads\/2021\/04\/Gastronomia-Gourmet.jpg?fit=800%2C734&amp;ssl=1\" data-width=\"800\" data-height=\"734\" aria-label=\"\" role=\"img\" ><\/div>\n\t\t\t\t\t\t\t\t\t\t\t<div class=\"elementor-gallery-item__overlay\"><\/div>\n\t\t\t\t\t\t\t\t\t\t\t\t\t\t<\/a>\n\t\t\t\t\t\t\t<a class=\"e-gallery-item elementor-gallery-item elementor-animated-content\" href=\"https:\/\/i0.wp.com\/cubomagico.co\/wp-content\/uploads\/2021\/04\/Gastronomia-Forum-2019-4.jpg?fit=800%2C734&#038;ssl=1\" data-elementor-open-lightbox=\"yes\" data-elementor-lightbox-slideshow=\"13b2aad\" data-elementor-lightbox-title=\"Gastronom\u00eda-F\u00f3rum-2019-4\" data-e-action-hash=\"#elementor-action%3Aaction%3Dlightbox%26settings%3DeyJpZCI6MzM5LCJ1cmwiOiJodHRwczpcL1wvY3Vib21hZ2ljby5jb1wvd3AtY29udGVudFwvdXBsb2Fkc1wvMjAyMVwvMDRcL0dhc3Ryb25vbWlhLUZvcnVtLTIwMTktNC5qcGciLCJzbGlkZXNob3ciOiIxM2IyYWFkIn0%3D\">\n\t\t\t\t\t<div class=\"e-gallery-image elementor-gallery-item__image\" data-thumbnail=\"https:\/\/i0.wp.com\/cubomagico.co\/wp-content\/uploads\/2021\/04\/Gastronomia-Forum-2019-4.jpg?fit=800%2C734&amp;ssl=1\" data-width=\"800\" data-height=\"734\" aria-label=\"\" role=\"img\" ><\/div>\n\t\t\t\t\t\t\t\t\t\t\t<div class=\"elementor-gallery-item__overlay\"><\/div>\n\t\t\t\t\t\t\t\t\t\t\t\t\t\t<\/a>\n\t\t\t\t\t\t\t<a class=\"e-gallery-item elementor-gallery-item elementor-animated-content\" href=\"https:\/\/i0.wp.com\/cubomagico.co\/wp-content\/uploads\/2021\/04\/Gastronomia-Forum-2019-3.jpg?fit=800%2C734&#038;ssl=1\" data-elementor-open-lightbox=\"yes\" data-elementor-lightbox-slideshow=\"13b2aad\" data-elementor-lightbox-title=\"Gastronom\u00eda-F\u00f3rum-2019-3\" data-e-action-hash=\"#elementor-action%3Aaction%3Dlightbox%26settings%3DeyJpZCI6MzM4LCJ1cmwiOiJodHRwczpcL1wvY3Vib21hZ2ljby5jb1wvd3AtY29udGVudFwvdXBsb2Fkc1wvMjAyMVwvMDRcL0dhc3Ryb25vbWlhLUZvcnVtLTIwMTktMy5qcGciLCJzbGlkZXNob3ciOiIxM2IyYWFkIn0%3D\">\n\t\t\t\t\t<div class=\"e-gallery-image elementor-gallery-item__image\" data-thumbnail=\"https:\/\/i0.wp.com\/cubomagico.co\/wp-content\/uploads\/2021\/04\/Gastronomia-Forum-2019-3.jpg?fit=800%2C734&amp;ssl=1\" data-width=\"800\" data-height=\"734\" aria-label=\"\" role=\"img\" ><\/div>\n\t\t\t\t\t\t\t\t\t\t\t<div class=\"elementor-gallery-item__overlay\"><\/div>\n\t\t\t\t\t\t\t\t\t\t\t\t\t\t<\/a>\n\t\t\t\t\t\t\t<a class=\"e-gallery-item elementor-gallery-item elementor-animated-content\" href=\"https:\/\/i0.wp.com\/cubomagico.co\/wp-content\/uploads\/2021\/04\/Gastronomia-Forum-2019-1.jpg?fit=800%2C734&#038;ssl=1\" data-elementor-open-lightbox=\"yes\" data-elementor-lightbox-slideshow=\"13b2aad\" data-elementor-lightbox-title=\"Gastronom\u00eda-F\u00f3rum-2019\" data-e-action-hash=\"#elementor-action%3Aaction%3Dlightbox%26settings%3DeyJpZCI6MzM2LCJ1cmwiOiJodHRwczpcL1wvY3Vib21hZ2ljby5jb1wvd3AtY29udGVudFwvdXBsb2Fkc1wvMjAyMVwvMDRcL0dhc3Ryb25vbWlhLUZvcnVtLTIwMTktMS5qcGciLCJzbGlkZXNob3ciOiIxM2IyYWFkIn0%3D\">\n\t\t\t\t\t<div class=\"e-gallery-image elementor-gallery-item__image\" data-thumbnail=\"https:\/\/i0.wp.com\/cubomagico.co\/wp-content\/uploads\/2021\/04\/Gastronomia-Forum-2019-1.jpg?fit=800%2C734&amp;ssl=1\" data-width=\"800\" data-height=\"734\" aria-label=\"\" role=\"img\" ><\/div>\n\t\t\t\t\t\t\t\t\t\t\t<div class=\"elementor-gallery-item__overlay\"><\/div>\n\t\t\t\t\t\t\t\t\t\t\t\t\t\t<\/a>\n\t\t\t\t\t\t\t<a class=\"e-gallery-item elementor-gallery-item elementor-animated-content\" href=\"https:\/\/i0.wp.com\/cubomagico.co\/wp-content\/uploads\/2021\/04\/gastronomia-Gourtmet.jpg?fit=800%2C734&#038;ssl=1\" data-elementor-open-lightbox=\"yes\" data-elementor-lightbox-slideshow=\"13b2aad\" data-elementor-lightbox-title=\"gastronom\u00eda-Gourtmet\" data-e-action-hash=\"#elementor-action%3Aaction%3Dlightbox%26settings%3DeyJpZCI6Mjg0LCJ1cmwiOiJodHRwczpcL1wvY3Vib21hZ2ljby5jb1wvd3AtY29udGVudFwvdXBsb2Fkc1wvMjAyMVwvMDRcL2dhc3Ryb25vbWlhLUdvdXJ0bWV0LmpwZyIsInNsaWRlc2hvdyI6IjEzYjJhYWQifQ%3D%3D\">\n\t\t\t\t\t<div class=\"e-gallery-image elementor-gallery-item__image\" data-thumbnail=\"https:\/\/i0.wp.com\/cubomagico.co\/wp-content\/uploads\/2021\/04\/gastronomia-Gourtmet.jpg?fit=800%2C734&amp;ssl=1\" data-width=\"800\" data-height=\"734\" aria-label=\"\" role=\"img\" ><\/div>\n\t\t\t\t\t\t\t\t\t\t\t<div class=\"elementor-gallery-item__overlay\"><\/div>\n\t\t\t\t\t\t\t\t\t\t\t\t\t\t<\/a>\n\t\t\t\t\t\t\t<a class=\"e-gallery-item elementor-gallery-item elementor-animated-content\" href=\"https:\/\/i0.wp.com\/cubomagico.co\/wp-content\/uploads\/2021\/04\/gastronomia-Forum-2019.jpg?fit=800%2C734&#038;ssl=1\" data-elementor-open-lightbox=\"yes\" data-elementor-lightbox-slideshow=\"13b2aad\" data-elementor-lightbox-title=\"gastronom\u00eda-F\u00f3rum-2019\" data-e-action-hash=\"#elementor-action%3Aaction%3Dlightbox%26settings%3DeyJpZCI6MjgyLCJ1cmwiOiJodHRwczpcL1wvY3Vib21hZ2ljby5jb1wvd3AtY29udGVudFwvdXBsb2Fkc1wvMjAyMVwvMDRcL2dhc3Ryb25vbWlhLUZvcnVtLTIwMTkuanBnIiwic2xpZGVzaG93IjoiMTNiMmFhZCJ9\">\n\t\t\t\t\t<div class=\"e-gallery-image elementor-gallery-item__image\" data-thumbnail=\"https:\/\/i0.wp.com\/cubomagico.co\/wp-content\/uploads\/2021\/04\/gastronomia-Forum-2019.jpg?fit=800%2C734&amp;ssl=1\" data-width=\"800\" data-height=\"734\" aria-label=\"\" role=\"img\" ><\/div>\n\t\t\t\t\t\t\t\t\t\t\t<div class=\"elementor-gallery-item__overlay\"><\/div>\n\t\t\t\t\t\t\t\t\t\t\t\t\t\t<\/a>\n\t\t\t\t\t\t\t<a class=\"e-gallery-item elementor-gallery-item elementor-animated-content\" href=\"https:\/\/i0.wp.com\/cubomagico.co\/wp-content\/uploads\/2021\/04\/gastronomia-Centro-rehabiliatacion.jpg?fit=800%2C734&#038;ssl=1\" data-elementor-open-lightbox=\"yes\" data-elementor-lightbox-slideshow=\"13b2aad\" data-elementor-lightbox-title=\"gastronom\u00eda-Centro-rehabiliatacion\" data-e-action-hash=\"#elementor-action%3Aaction%3Dlightbox%26settings%3DeyJpZCI6MjgxLCJ1cmwiOiJodHRwczpcL1wvY3Vib21hZ2ljby5jb1wvd3AtY29udGVudFwvdXBsb2Fkc1wvMjAyMVwvMDRcL2dhc3Ryb25vbWlhLUNlbnRyby1yZWhhYmlsaWF0YWNpb24uanBnIiwic2xpZGVzaG93IjoiMTNiMmFhZCJ9\">\n\t\t\t\t\t<div class=\"e-gallery-image elementor-gallery-item__image\" data-thumbnail=\"https:\/\/i0.wp.com\/cubomagico.co\/wp-content\/uploads\/2021\/04\/gastronomia-Centro-rehabiliatacion.jpg?fit=800%2C734&amp;ssl=1\" data-width=\"800\" data-height=\"734\" aria-label=\"\" role=\"img\" ><\/div>\n\t\t\t\t\t\t\t\t\t\t\t<div class=\"elementor-gallery-item__overlay\"><\/div>\n\t\t\t\t\t\t\t\t\t\t\t\t\t\t<\/a>\n\t\t\t\t\t\t\t<a class=\"e-gallery-item elementor-gallery-item elementor-animated-content\" href=\"https:\/\/i0.wp.com\/cubomagico.co\/wp-content\/uploads\/2021\/04\/gastronomia-Lanzmainto-Geociencias-2.jpg?fit=800%2C734&#038;ssl=1\" data-elementor-open-lightbox=\"yes\" data-elementor-lightbox-slideshow=\"13b2aad\" data-elementor-lightbox-title=\"gastronom\u00eda-Lanzmainto-Geociencias-2\" data-e-action-hash=\"#elementor-action%3Aaction%3Dlightbox%26settings%3DeyJpZCI6Mjc5LCJ1cmwiOiJodHRwczpcL1wvY3Vib21hZ2ljby5jb1wvd3AtY29udGVudFwvdXBsb2Fkc1wvMjAyMVwvMDRcL2dhc3Ryb25vbWlhLUxhbnptYWludG8tR2VvY2llbmNpYXMtMi5qcGciLCJzbGlkZXNob3ciOiIxM2IyYWFkIn0%3D\">\n\t\t\t\t\t<div class=\"e-gallery-image elementor-gallery-item__image\" data-thumbnail=\"https:\/\/i0.wp.com\/cubomagico.co\/wp-content\/uploads\/2021\/04\/gastronomia-Lanzmainto-Geociencias-2.jpg?fit=800%2C734&amp;ssl=1\" data-width=\"800\" data-height=\"734\" aria-label=\"\" role=\"img\" ><\/div>\n\t\t\t\t\t\t\t\t\t\t\t<div class=\"elementor-gallery-item__overlay\"><\/div>\n\t\t\t\t\t\t\t\t\t\t\t\t\t\t<\/a>\n\t\t\t\t\t\t\t<a class=\"e-gallery-item elementor-gallery-item elementor-animated-content\" href=\"https:\/\/i0.wp.com\/cubomagico.co\/wp-content\/uploads\/2021\/04\/gastronomia-3974.jpg?fit=800%2C734&#038;ssl=1\" data-elementor-open-lightbox=\"yes\" data-elementor-lightbox-slideshow=\"13b2aad\" data-elementor-lightbox-title=\"gastronom\u00eda-3974\" data-e-action-hash=\"#elementor-action%3Aaction%3Dlightbox%26settings%3DeyJpZCI6MjgwLCJ1cmwiOiJodHRwczpcL1wvY3Vib21hZ2ljby5jb1wvd3AtY29udGVudFwvdXBsb2Fkc1wvMjAyMVwvMDRcL2dhc3Ryb25vbWlhLTM5NzQuanBnIiwic2xpZGVzaG93IjoiMTNiMmFhZCJ9\">\n\t\t\t\t\t<div class=\"e-gallery-image elementor-gallery-item__image\" data-thumbnail=\"https:\/\/i0.wp.com\/cubomagico.co\/wp-content\/uploads\/2021\/04\/gastronomia-3974.jpg?fit=800%2C734&amp;ssl=1\" data-width=\"800\" data-height=\"734\" aria-label=\"\" role=\"img\" ><\/div>\n\t\t\t\t\t\t\t\t\t\t\t<div class=\"elementor-gallery-item__overlay\"><\/div>\n\t\t\t\t\t\t\t\t\t\t\t\t\t\t<\/a>\n\t\t\t\t\t\t\t<a class=\"e-gallery-item elementor-gallery-item elementor-animated-content\" href=\"https:\/\/i0.wp.com\/cubomagico.co\/wp-content\/uploads\/2021\/04\/gastronomia-LAnzamiento-geociencias.jpg?fit=800%2C734&#038;ssl=1\" data-elementor-open-lightbox=\"yes\" data-elementor-lightbox-slideshow=\"13b2aad\" data-elementor-lightbox-title=\"gastronom\u00eda-LAnzamiento-geociencias\" data-e-action-hash=\"#elementor-action%3Aaction%3Dlightbox%26settings%3DeyJpZCI6Mjg2LCJ1cmwiOiJodHRwczpcL1wvY3Vib21hZ2ljby5jb1wvd3AtY29udGVudFwvdXBsb2Fkc1wvMjAyMVwvMDRcL2dhc3Ryb25vbWlhLUxBbnphbWllbnRvLWdlb2NpZW5jaWFzLmpwZyIsInNsaWRlc2hvdyI6IjEzYjJhYWQifQ%3D%3D\">\n\t\t\t\t\t<div class=\"e-gallery-image elementor-gallery-item__image\" data-thumbnail=\"https:\/\/i0.wp.com\/cubomagico.co\/wp-content\/uploads\/2021\/04\/gastronomia-LAnzamiento-geociencias.jpg?fit=800%2C734&amp;ssl=1\" data-width=\"800\" data-height=\"734\" aria-label=\"\" role=\"img\" ><\/div>\n\t\t\t\t\t\t\t\t\t\t\t<div class=\"elementor-gallery-item__overlay\"><\/div>\n\t\t\t\t\t\t\t\t\t\t\t\t\t\t<\/a>\n\t\t\t\t\t<\/div>\n\t\t\t\t\t<\/div>\n\t\t\t\t<\/div>\n\t\t\t\t\t<\/div>\n\t\t<\/div>\n\t\t\t\t\t<\/div>\n\t\t<\/section>\n\t\t\t\t<\/div>","protected":false},"excerpt":{"rendered":"<p>SERVICIO Gastronom\u00eda La gastronom\u00eda es una forma poderosa de contar historias y trasmitir valores culturales a trav\u00e9s de alimentos, creemos que al incluirlos en una experiencia se promueve el trabajo local y se fomentan pr\u00e1cticas responsables conectadas a la cadena de valor. En Cubo M\u00e1gico nos apasiona crear experiencias y momentos inolvidables para conectar personas, [&hellip;]<\/p>\n","protected":false},"author":3,"featured_media":0,"parent":0,"menu_order":0,"comment_status":"closed","ping_status":"closed","template":"elementor_header_footer","meta":{"nf_dc_page":"","footnotes":""},"class_list":["post-1926","page","type-page","status-publish","hentry"],"jetpack_sharing_enabled":true,"amp_enabled":true,"_links":{"self":[{"href":"https:\/\/cubomagico.co\/en\/wp-json\/wp\/v2\/pages\/1926","targetHints":{"allow":["GET"]}}],"collection":[{"href":"https:\/\/cubomagico.co\/en\/wp-json\/wp\/v2\/pages"}],"about":[{"href":"https:\/\/cubomagico.co\/en\/wp-json\/wp\/v2\/types\/page"}],"author":[{"embeddable":true,"href":"https:\/\/cubomagico.co\/en\/wp-json\/wp\/v2\/users\/3"}],"replies":[{"embeddable":true,"href":"https:\/\/cubomagico.co\/en\/wp-json\/wp\/v2\/comments?post=1926"}],"version-history":[{"count":5,"href":"https:\/\/cubomagico.co\/en\/wp-json\/wp\/v2\/pages\/1926\/revisions"}],"predecessor-version":[{"id":2673,"href":"https:\/\/cubomagico.co\/en\/wp-json\/wp\/v2\/pages\/1926\/revisions\/2673"}],"wp:attachment":[{"href":"https:\/\/cubomagico.co\/en\/wp-json\/wp\/v2\/media?parent=1926"}],"curies":[{"name":"wp","href":"https:\/\/api.w.org\/{rel}","templated":true}]}}