{"id":1906,"date":"2022-06-30T15:59:56","date_gmt":"2022-06-30T20:59:56","guid":{"rendered":"https:\/\/cubomagico.co\/?page_id=1906"},"modified":"2023-06-13T15:56:03","modified_gmt":"2023-06-13T20:56:03","slug":"arte","status":"publish","type":"page","link":"https:\/\/cubomagico.co\/en\/arte\/","title":{"rendered":"Arte"},"content":{"rendered":"<div data-elementor-type=\"wp-page\" data-elementor-id=\"1906\" class=\"elementor elementor-1906\" data-elementor-post-type=\"page\">\n\t\t\t\t\t\t<section class=\"elementor-section elementor-top-section elementor-element elementor-element-b768807 elementor-section-content-middle elementor-section-boxed elementor-section-height-default elementor-section-height-default\" data-id=\"b768807\" data-element_type=\"section\" data-e-type=\"section\" data-settings=\"{&quot;jet_parallax_layout_list&quot;:[],&quot;background_background&quot;:&quot;classic&quot;}\">\n\t\t\t\t\t\t<div class=\"elementor-container elementor-column-gap-default\">\n\t\t\t\t\t<div class=\"elementor-column elementor-col-50 elementor-top-column elementor-element elementor-element-dbda286\" data-id=\"dbda286\" data-element_type=\"column\" data-e-type=\"column\" data-settings=\"{&quot;background_background&quot;:&quot;slideshow&quot;,&quot;background_slideshow_gallery&quot;:[],&quot;background_slideshow_loop&quot;:&quot;yes&quot;,&quot;background_slideshow_slide_duration&quot;:5000,&quot;background_slideshow_slide_transition&quot;:&quot;fade&quot;,&quot;background_slideshow_transition_duration&quot;:500}\">\n\t\t\t<div class=\"elementor-widget-wrap elementor-element-populated\">\n\t\t\t\t\t\t<div class=\"elementor-element elementor-element-eeb72cd elementor-widget elementor-widget-heading\" data-id=\"eeb72cd\" data-element_type=\"widget\" data-e-type=\"widget\" data-widget_type=\"heading.default\">\n\t\t\t\t<div class=\"elementor-widget-container\">\n\t\t\t\t\t<h3 class=\"elementor-heading-title elementor-size-default\">SERVICIO<\/h3>\t\t\t\t<\/div>\n\t\t\t\t<\/div>\n\t\t\t\t<div class=\"elementor-element elementor-element-5a88a86 elementor-invisible elementor-widget elementor-widget-heading\" data-id=\"5a88a86\" data-element_type=\"widget\" data-e-type=\"widget\" data-settings=\"{&quot;_animation&quot;:&quot;fadeIn&quot;}\" data-widget_type=\"heading.default\">\n\t\t\t\t<div class=\"elementor-widget-container\">\n\t\t\t\t\t<h1 class=\"elementor-heading-title elementor-size-default\">Arte<\/h1>\t\t\t\t<\/div>\n\t\t\t\t<\/div>\n\t\t\t\t<div class=\"elementor-element elementor-element-149b45e elementor-widget elementor-widget-text-editor\" data-id=\"149b45e\" data-element_type=\"widget\" data-e-type=\"widget\" data-widget_type=\"text-editor.default\">\n\t\t\t\t<div class=\"elementor-widget-container\">\n\t\t\t\t\t\t\t\t\t<p>El arte es un elemento importante en la creaci\u00f3n de experiencias con sentido, y su inclusi\u00f3n ayuda a conectar a las personas con su patrimonio cultural, y as\u00ed moviliar la exploraci\u00f3n de nuevas formas de expresi\u00f3n.<\/p><p>En Cubo M\u00e1gico nos apasiona crear experiencias y momentos inolvidables para conectar personas, las compa\u00f1\u00edas y marcas.<\/p>\t\t\t\t\t\t\t\t<\/div>\n\t\t\t\t<\/div>\n\t\t\t\t<div class=\"elementor-element elementor-element-32d6b26 elementor-align-left elementor-widget elementor-widget-button\" data-id=\"32d6b26\" data-element_type=\"widget\" data-e-type=\"widget\" data-widget_type=\"button.default\">\n\t\t\t\t<div class=\"elementor-widget-container\">\n\t\t\t\t\t\t\t\t\t<div class=\"elementor-button-wrapper\">\n\t\t\t\t\t<a class=\"elementor-button elementor-button-link elementor-size-sm\" href=\"https:\/\/cubomagico.co\/en\/contacto\/\">\n\t\t\t\t\t\t<span class=\"elementor-button-content-wrapper\">\n\t\t\t\t\t\t<span class=\"elementor-button-icon\">\n\t\t\t\t<i aria-hidden=\"true\" class=\"fas fa-chevron-right\"><\/i>\t\t\t<\/span>\n\t\t\t\t\t\t\t\t\t<span class=\"elementor-button-text\">Solicitar servicio<\/span>\n\t\t\t\t\t<\/span>\n\t\t\t\t\t<\/a>\n\t\t\t\t<\/div>\n\t\t\t\t\t\t\t\t<\/div>\n\t\t\t\t<\/div>\n\t\t\t\t\t<\/div>\n\t\t<\/div>\n\t\t\t\t<div class=\"elementor-column elementor-col-50 elementor-top-column elementor-element elementor-element-6e1f8a1\" data-id=\"6e1f8a1\" data-element_type=\"column\" data-e-type=\"column\">\n\t\t\t<div class=\"elementor-widget-wrap elementor-element-populated\">\n\t\t\t\t\t\t<div class=\"elementor-element elementor-element-50b6475 elementor-widget elementor-widget-image\" data-id=\"50b6475\" data-element_type=\"widget\" data-e-type=\"widget\" data-widget_type=\"image.default\">\n\t\t\t\t<div class=\"elementor-widget-container\">\n\t\t\t\t\t\t\t\t\t\t\t\t\t\t\t<img fetchpriority=\"high\" decoding=\"async\" width=\"800\" height=\"734\" src=\"https:\/\/i0.wp.com\/cubomagico.co\/wp-content\/uploads\/2021\/04\/Arte-hey-festival-2018-1.jpg?fit=800%2C734&amp;ssl=1\" class=\"attachment-large size-large wp-image-636\" alt=\"\" srcset=\"https:\/\/i0.wp.com\/cubomagico.co\/wp-content\/uploads\/2021\/04\/Arte-hey-festival-2018-1.jpg?w=800&amp;ssl=1 800w, https:\/\/i0.wp.com\/cubomagico.co\/wp-content\/uploads\/2021\/04\/Arte-hey-festival-2018-1.jpg?resize=300%2C275&amp;ssl=1 300w, https:\/\/i0.wp.com\/cubomagico.co\/wp-content\/uploads\/2021\/04\/Arte-hey-festival-2018-1.jpg?resize=768%2C705&amp;ssl=1 768w, https:\/\/i0.wp.com\/cubomagico.co\/wp-content\/uploads\/2021\/04\/Arte-hey-festival-2018-1.jpg?resize=600%2C551&amp;ssl=1 600w\" sizes=\"(max-width: 800px) 100vw, 800px\" \/>\t\t\t\t\t\t\t\t\t\t\t\t\t\t\t<\/div>\n\t\t\t\t<\/div>\n\t\t\t\t\t<\/div>\n\t\t<\/div>\n\t\t\t\t\t<\/div>\n\t\t<\/section>\n\t\t\t\t<section class=\"elementor-section elementor-top-section elementor-element elementor-element-3bbe278 elementor-section-content-middle elementor-section-boxed elementor-section-height-default elementor-section-height-default\" data-id=\"3bbe278\" data-element_type=\"section\" data-e-type=\"section\" data-settings=\"{&quot;jet_parallax_layout_list&quot;:[],&quot;background_background&quot;:&quot;classic&quot;}\">\n\t\t\t\t\t\t<div class=\"elementor-container elementor-column-gap-default\">\n\t\t\t\t\t<div class=\"elementor-column elementor-col-100 elementor-top-column elementor-element elementor-element-717820b\" data-id=\"717820b\" data-element_type=\"column\" data-e-type=\"column\" data-settings=\"{&quot;background_background&quot;:&quot;slideshow&quot;,&quot;background_slideshow_gallery&quot;:[],&quot;background_slideshow_loop&quot;:&quot;yes&quot;,&quot;background_slideshow_slide_duration&quot;:5000,&quot;background_slideshow_slide_transition&quot;:&quot;fade&quot;,&quot;background_slideshow_transition_duration&quot;:500}\">\n\t\t\t<div class=\"elementor-widget-wrap elementor-element-populated\">\n\t\t\t\t\t\t<div class=\"elementor-element elementor-element-6aad424 elementor-widget elementor-widget-heading\" data-id=\"6aad424\" data-element_type=\"widget\" data-e-type=\"widget\" data-widget_type=\"heading.default\">\n\t\t\t\t<div class=\"elementor-widget-container\">\n\t\t\t\t\t<h3 class=\"elementor-heading-title elementor-size-default\">MOMENTOS<\/h3>\t\t\t\t<\/div>\n\t\t\t\t<\/div>\n\t\t\t\t<div class=\"elementor-element elementor-element-c4a411b elementor-invisible elementor-widget elementor-widget-heading\" data-id=\"c4a411b\" data-element_type=\"widget\" data-e-type=\"widget\" data-settings=\"{&quot;_animation&quot;:&quot;fadeIn&quot;}\" data-widget_type=\"heading.default\">\n\t\t\t\t<div class=\"elementor-widget-container\">\n\t\t\t\t\t<h2 class=\"elementor-heading-title elementor-size-default\">Lo que hace latir nuestro coraz\u00f3n<\/h2>\t\t\t\t<\/div>\n\t\t\t\t<\/div>\n\t\t\t\t\t<\/div>\n\t\t<\/div>\n\t\t\t\t\t<\/div>\n\t\t<\/section>\n\t\t\t\t<section class=\"elementor-section elementor-top-section elementor-element elementor-element-24f0f90 elementor-section-boxed elementor-section-height-default elementor-section-height-default\" data-id=\"24f0f90\" data-element_type=\"section\" data-e-type=\"section\" data-settings=\"{&quot;jet_parallax_layout_list&quot;:[],&quot;background_background&quot;:&quot;classic&quot;}\">\n\t\t\t\t\t\t<div class=\"elementor-container elementor-column-gap-default\">\n\t\t\t\t\t<div class=\"elementor-column elementor-col-100 elementor-top-column elementor-element elementor-element-512ff3b\" data-id=\"512ff3b\" data-element_type=\"column\" data-e-type=\"column\">\n\t\t\t<div class=\"elementor-widget-wrap elementor-element-populated\">\n\t\t\t\t\t\t<div class=\"elementor-element elementor-element-f73a210 elementor-widget elementor-widget-gallery\" data-id=\"f73a210\" data-element_type=\"widget\" data-e-type=\"widget\" data-settings=\"{&quot;gallery_layout&quot;:&quot;masonry&quot;,&quot;columns&quot;:3,&quot;gap&quot;:{&quot;unit&quot;:&quot;px&quot;,&quot;size&quot;:12,&quot;sizes&quot;:[]},&quot;columns_mobile&quot;:2,&quot;columns_tablet&quot;:2,&quot;gap_tablet&quot;:{&quot;unit&quot;:&quot;px&quot;,&quot;size&quot;:10,&quot;sizes&quot;:[]},&quot;gap_mobile&quot;:{&quot;unit&quot;:&quot;px&quot;,&quot;size&quot;:10,&quot;sizes&quot;:[]},&quot;link_to&quot;:&quot;file&quot;,&quot;overlay_background&quot;:&quot;yes&quot;,&quot;content_hover_animation&quot;:&quot;fade-in&quot;}\" data-widget_type=\"gallery.default\">\n\t\t\t\t<div class=\"elementor-widget-container\">\n\t\t\t\t\t\t\t<div class=\"elementor-gallery__container\">\n\t\t\t\t\t\t\t<a class=\"e-gallery-item elementor-gallery-item elementor-animated-content\" href=\"https:\/\/i0.wp.com\/cubomagico.co\/wp-content\/uploads\/2023\/06\/Forum-mexico4.jpg?fit=800%2C600&#038;ssl=1\" data-elementor-open-lightbox=\"yes\" data-elementor-lightbox-slideshow=\"f73a210\" data-elementor-lightbox-title=\"Forum-mexico4\" data-e-action-hash=\"#elementor-action%3Aaction%3Dlightbox%26settings%3DeyJpZCI6MjYzNywidXJsIjoiaHR0cHM6XC9cL2N1Ym9tYWdpY28uY29cL3dwLWNvbnRlbnRcL3VwbG9hZHNcLzIwMjNcLzA2XC9Gb3J1bS1tZXhpY280LmpwZyIsInNsaWRlc2hvdyI6ImY3M2EyMTAifQ%3D%3D\">\n\t\t\t\t\t<div class=\"e-gallery-image elementor-gallery-item__image\" data-thumbnail=\"https:\/\/i0.wp.com\/cubomagico.co\/wp-content\/uploads\/2023\/06\/Forum-mexico4.jpg?fit=800%2C600&amp;ssl=1\" data-width=\"800\" data-height=\"600\" aria-label=\"\" role=\"img\" ><\/div>\n\t\t\t\t\t\t\t\t\t\t\t<div class=\"elementor-gallery-item__overlay\"><\/div>\n\t\t\t\t\t\t\t\t\t\t\t\t\t\t<\/a>\n\t\t\t\t\t\t\t<a class=\"e-gallery-item elementor-gallery-item elementor-animated-content\" href=\"https:\/\/i0.wp.com\/cubomagico.co\/wp-content\/uploads\/2023\/05\/Hay-festival-9-1.jpg?fit=801%2C600&#038;ssl=1\" data-elementor-open-lightbox=\"yes\" data-elementor-lightbox-slideshow=\"f73a210\" data-elementor-lightbox-title=\"Hay-festival-9\" data-e-action-hash=\"#elementor-action%3Aaction%3Dlightbox%26settings%3DeyJpZCI6MjYwNCwidXJsIjoiaHR0cHM6XC9cL2N1Ym9tYWdpY28uY29cL3dwLWNvbnRlbnRcL3VwbG9hZHNcLzIwMjNcLzA1XC9IYXktZmVzdGl2YWwtOS0xLmpwZyIsInNsaWRlc2hvdyI6ImY3M2EyMTAifQ%3D%3D\">\n\t\t\t\t\t<div class=\"e-gallery-image elementor-gallery-item__image\" data-thumbnail=\"https:\/\/i0.wp.com\/cubomagico.co\/wp-content\/uploads\/2023\/05\/Hay-festival-9-1.jpg?fit=801%2C600&amp;ssl=1\" data-width=\"801\" data-height=\"600\" aria-label=\"\" role=\"img\" ><\/div>\n\t\t\t\t\t\t\t\t\t\t\t<div class=\"elementor-gallery-item__overlay\"><\/div>\n\t\t\t\t\t\t\t\t\t\t\t\t\t\t<\/a>\n\t\t\t\t\t\t\t<a class=\"e-gallery-item elementor-gallery-item elementor-animated-content\" href=\"https:\/\/i0.wp.com\/cubomagico.co\/wp-content\/uploads\/2023\/06\/Hay-festival-11.jpg?fit=801%2C600&#038;ssl=1\" data-elementor-open-lightbox=\"yes\" data-elementor-lightbox-slideshow=\"f73a210\" data-elementor-lightbox-title=\"Hay-festival-11\" data-e-action-hash=\"#elementor-action%3Aaction%3Dlightbox%26settings%3DeyJpZCI6MjYzOCwidXJsIjoiaHR0cHM6XC9cL2N1Ym9tYWdpY28uY29cL3dwLWNvbnRlbnRcL3VwbG9hZHNcLzIwMjNcLzA2XC9IYXktZmVzdGl2YWwtMTEuanBnIiwic2xpZGVzaG93IjoiZjczYTIxMCJ9\">\n\t\t\t\t\t<div class=\"e-gallery-image elementor-gallery-item__image\" data-thumbnail=\"https:\/\/i0.wp.com\/cubomagico.co\/wp-content\/uploads\/2023\/06\/Hay-festival-11.jpg?fit=801%2C600&amp;ssl=1\" data-width=\"801\" data-height=\"600\" aria-label=\"\" role=\"img\" ><\/div>\n\t\t\t\t\t\t\t\t\t\t\t<div class=\"elementor-gallery-item__overlay\"><\/div>\n\t\t\t\t\t\t\t\t\t\t\t\t\t\t<\/a>\n\t\t\t\t\t\t\t<a class=\"e-gallery-item elementor-gallery-item elementor-animated-content\" href=\"https:\/\/i0.wp.com\/cubomagico.co\/wp-content\/uploads\/2023\/06\/Hay-festival-15.jpg?fit=801%2C600&#038;ssl=1\" data-elementor-open-lightbox=\"yes\" data-elementor-lightbox-slideshow=\"f73a210\" data-elementor-lightbox-title=\"Hay-festival-15\" data-e-action-hash=\"#elementor-action%3Aaction%3Dlightbox%26settings%3DeyJpZCI6MjYzOSwidXJsIjoiaHR0cHM6XC9cL2N1Ym9tYWdpY28uY29cL3dwLWNvbnRlbnRcL3VwbG9hZHNcLzIwMjNcLzA2XC9IYXktZmVzdGl2YWwtMTUuanBnIiwic2xpZGVzaG93IjoiZjczYTIxMCJ9\">\n\t\t\t\t\t<div class=\"e-gallery-image elementor-gallery-item__image\" data-thumbnail=\"https:\/\/i0.wp.com\/cubomagico.co\/wp-content\/uploads\/2023\/06\/Hay-festival-15.jpg?fit=801%2C600&amp;ssl=1\" data-width=\"801\" data-height=\"600\" aria-label=\"\" role=\"img\" ><\/div>\n\t\t\t\t\t\t\t\t\t\t\t<div class=\"elementor-gallery-item__overlay\"><\/div>\n\t\t\t\t\t\t\t\t\t\t\t\t\t\t<\/a>\n\t\t\t\t\t\t\t<a class=\"e-gallery-item elementor-gallery-item elementor-animated-content\" href=\"https:\/\/i0.wp.com\/cubomagico.co\/wp-content\/uploads\/2021\/04\/Arte-hey-festival-2018-1.jpg?fit=800%2C734&#038;ssl=1\" data-elementor-open-lightbox=\"yes\" data-elementor-lightbox-slideshow=\"f73a210\" data-elementor-lightbox-title=\"Arte-hey-festival-2018\" data-e-action-hash=\"#elementor-action%3Aaction%3Dlightbox%26settings%3DeyJpZCI6NjM2LCJ1cmwiOiJodHRwczpcL1wvY3Vib21hZ2ljby5jb1wvd3AtY29udGVudFwvdXBsb2Fkc1wvMjAyMVwvMDRcL0FydGUtaGV5LWZlc3RpdmFsLTIwMTgtMS5qcGciLCJzbGlkZXNob3ciOiJmNzNhMjEwIn0%3D\">\n\t\t\t\t\t<div class=\"e-gallery-image elementor-gallery-item__image\" data-thumbnail=\"https:\/\/i0.wp.com\/cubomagico.co\/wp-content\/uploads\/2021\/04\/Arte-hey-festival-2018-1.jpg?fit=800%2C734&amp;ssl=1\" data-width=\"800\" data-height=\"734\" aria-label=\"\" role=\"img\" ><\/div>\n\t\t\t\t\t\t\t\t\t\t\t<div class=\"elementor-gallery-item__overlay\"><\/div>\n\t\t\t\t\t\t\t\t\t\t\t\t\t\t<\/a>\n\t\t\t\t\t\t\t<a class=\"e-gallery-item elementor-gallery-item elementor-animated-content\" href=\"https:\/\/i0.wp.com\/cubomagico.co\/wp-content\/uploads\/2021\/04\/Arte-hey-festival-2020-1.jpg?fit=800%2C734&#038;ssl=1\" data-elementor-open-lightbox=\"yes\" data-elementor-lightbox-slideshow=\"f73a210\" data-elementor-lightbox-title=\"Arte-hey-festival-2020\" data-e-action-hash=\"#elementor-action%3Aaction%3Dlightbox%26settings%3DeyJpZCI6NjM3LCJ1cmwiOiJodHRwczpcL1wvY3Vib21hZ2ljby5jb1wvd3AtY29udGVudFwvdXBsb2Fkc1wvMjAyMVwvMDRcL0FydGUtaGV5LWZlc3RpdmFsLTIwMjAtMS5qcGciLCJzbGlkZXNob3ciOiJmNzNhMjEwIn0%3D\">\n\t\t\t\t\t<div class=\"e-gallery-image elementor-gallery-item__image\" data-thumbnail=\"https:\/\/i0.wp.com\/cubomagico.co\/wp-content\/uploads\/2021\/04\/Arte-hey-festival-2020-1.jpg?fit=800%2C734&amp;ssl=1\" data-width=\"800\" data-height=\"734\" aria-label=\"\" role=\"img\" ><\/div>\n\t\t\t\t\t\t\t\t\t\t\t<div class=\"elementor-gallery-item__overlay\"><\/div>\n\t\t\t\t\t\t\t\t\t\t\t\t\t\t<\/a>\n\t\t\t\t\t\t\t<a class=\"e-gallery-item elementor-gallery-item elementor-animated-content\" href=\"https:\/\/i0.wp.com\/cubomagico.co\/wp-content\/uploads\/2021\/04\/Arte-hey-festival-20181-2-1-e1684269069194.jpg?fit=800%2C600&#038;ssl=1\" data-elementor-open-lightbox=\"yes\" data-elementor-lightbox-slideshow=\"f73a210\" data-elementor-lightbox-title=\"Arte-hey-festival-20181-2\" data-e-action-hash=\"#elementor-action%3Aaction%3Dlightbox%26settings%3DeyJpZCI6NjM4LCJ1cmwiOiJodHRwczpcL1wvY3Vib21hZ2ljby5jb1wvd3AtY29udGVudFwvdXBsb2Fkc1wvMjAyMVwvMDRcL0FydGUtaGV5LWZlc3RpdmFsLTIwMTgxLTItMS1lMTY4NDI2OTA2OTE5NC5qcGciLCJzbGlkZXNob3ciOiJmNzNhMjEwIn0%3D\">\n\t\t\t\t\t<div class=\"e-gallery-image elementor-gallery-item__image\" data-thumbnail=\"https:\/\/i0.wp.com\/cubomagico.co\/wp-content\/uploads\/2021\/04\/Arte-hey-festival-20181-2-1-e1684269069194.jpg?fit=800%2C600&amp;ssl=1\" data-width=\"800\" data-height=\"600\" aria-label=\"\" role=\"img\" ><\/div>\n\t\t\t\t\t\t\t\t\t\t\t<div class=\"elementor-gallery-item__overlay\"><\/div>\n\t\t\t\t\t\t\t\t\t\t\t\t\t\t<\/a>\n\t\t\t\t\t\t\t<a class=\"e-gallery-item elementor-gallery-item elementor-animated-content\" href=\"https:\/\/i0.wp.com\/cubomagico.co\/wp-content\/uploads\/2021\/04\/Tecnologia-Hay-Festival-2020.jpg?fit=800%2C734&#038;ssl=1\" data-elementor-open-lightbox=\"yes\" data-elementor-lightbox-slideshow=\"f73a210\" data-elementor-lightbox-title=\"Tecnolog\u00eda-Hay-Festival-2020\" data-e-action-hash=\"#elementor-action%3Aaction%3Dlightbox%26settings%3DeyJpZCI6MzY0LCJ1cmwiOiJodHRwczpcL1wvY3Vib21hZ2ljby5jb1wvd3AtY29udGVudFwvdXBsb2Fkc1wvMjAyMVwvMDRcL1RlY25vbG9naWEtSGF5LUZlc3RpdmFsLTIwMjAuanBnIiwic2xpZGVzaG93IjoiZjczYTIxMCJ9\">\n\t\t\t\t\t<div class=\"e-gallery-image elementor-gallery-item__image\" data-thumbnail=\"https:\/\/i0.wp.com\/cubomagico.co\/wp-content\/uploads\/2021\/04\/Tecnologia-Hay-Festival-2020.jpg?fit=800%2C734&amp;ssl=1\" data-width=\"800\" data-height=\"734\" aria-label=\"\" role=\"img\" ><\/div>\n\t\t\t\t\t\t\t\t\t\t\t<div class=\"elementor-gallery-item__overlay\"><\/div>\n\t\t\t\t\t\t\t\t\t\t\t\t\t\t<\/a>\n\t\t\t\t\t\t\t<a class=\"e-gallery-item elementor-gallery-item elementor-animated-content\" href=\"https:\/\/i0.wp.com\/cubomagico.co\/wp-content\/uploads\/2021\/04\/evento-argos-2.jpg?fit=800%2C734&#038;ssl=1\" data-elementor-open-lightbox=\"yes\" data-elementor-lightbox-slideshow=\"f73a210\" data-elementor-lightbox-title=\"evento-argos-2\" data-e-action-hash=\"#elementor-action%3Aaction%3Dlightbox%26settings%3DeyJpZCI6MzEyLCJ1cmwiOiJodHRwczpcL1wvY3Vib21hZ2ljby5jb1wvd3AtY29udGVudFwvdXBsb2Fkc1wvMjAyMVwvMDRcL2V2ZW50by1hcmdvcy0yLmpwZyIsInNsaWRlc2hvdyI6ImY3M2EyMTAifQ%3D%3D\">\n\t\t\t\t\t<div class=\"e-gallery-image elementor-gallery-item__image\" data-thumbnail=\"https:\/\/i0.wp.com\/cubomagico.co\/wp-content\/uploads\/2021\/04\/evento-argos-2.jpg?fit=800%2C734&amp;ssl=1\" data-width=\"800\" data-height=\"734\" aria-label=\"\" role=\"img\" ><\/div>\n\t\t\t\t\t\t\t\t\t\t\t<div class=\"elementor-gallery-item__overlay\"><\/div>\n\t\t\t\t\t\t\t\t\t\t\t\t\t\t<\/a>\n\t\t\t\t\t\t\t<a class=\"e-gallery-item elementor-gallery-item elementor-animated-content\" href=\"https:\/\/i0.wp.com\/cubomagico.co\/wp-content\/uploads\/2021\/04\/San-Vicente-Cambio-Imagen.jpg?fit=800%2C734&#038;ssl=1\" data-elementor-open-lightbox=\"yes\" data-elementor-lightbox-slideshow=\"f73a210\" data-elementor-lightbox-title=\"San-Vicente-Cambio-Imagen\" data-e-action-hash=\"#elementor-action%3Aaction%3Dlightbox%26settings%3DeyJpZCI6MzA5LCJ1cmwiOiJodHRwczpcL1wvY3Vib21hZ2ljby5jb1wvd3AtY29udGVudFwvdXBsb2Fkc1wvMjAyMVwvMDRcL1Nhbi1WaWNlbnRlLUNhbWJpby1JbWFnZW4uanBnIiwic2xpZGVzaG93IjoiZjczYTIxMCJ9\">\n\t\t\t\t\t<div class=\"e-gallery-image elementor-gallery-item__image\" data-thumbnail=\"https:\/\/i0.wp.com\/cubomagico.co\/wp-content\/uploads\/2021\/04\/San-Vicente-Cambio-Imagen.jpg?fit=800%2C734&amp;ssl=1\" data-width=\"800\" data-height=\"734\" aria-label=\"\" role=\"img\" ><\/div>\n\t\t\t\t\t\t\t\t\t\t\t<div class=\"elementor-gallery-item__overlay\"><\/div>\n\t\t\t\t\t\t\t\t\t\t\t\t\t\t<\/a>\n\t\t\t\t\t<\/div>\n\t\t\t\t\t<\/div>\n\t\t\t\t<\/div>\n\t\t\t\t\t<\/div>\n\t\t<\/div>\n\t\t\t\t\t<\/div>\n\t\t<\/section>\n\t\t\t\t<\/div>","protected":false},"excerpt":{"rendered":"<p>SERVICIO Arte El arte es un elemento importante en la creaci\u00f3n de experiencias con sentido, y su inclusi\u00f3n ayuda a conectar a las personas con su patrimonio cultural, y as\u00ed moviliar la exploraci\u00f3n de nuevas formas de expresi\u00f3n. En Cubo M\u00e1gico nos apasiona crear experiencias y momentos inolvidables para conectar personas, las compa\u00f1\u00edas y marcas. [&hellip;]<\/p>\n","protected":false},"author":3,"featured_media":0,"parent":0,"menu_order":0,"comment_status":"closed","ping_status":"closed","template":"elementor_header_footer","meta":{"nf_dc_page":"","footnotes":""},"class_list":["post-1906","page","type-page","status-publish","hentry"],"jetpack_sharing_enabled":true,"amp_enabled":true,"_links":{"self":[{"href":"https:\/\/cubomagico.co\/en\/wp-json\/wp\/v2\/pages\/1906","targetHints":{"allow":["GET"]}}],"collection":[{"href":"https:\/\/cubomagico.co\/en\/wp-json\/wp\/v2\/pages"}],"about":[{"href":"https:\/\/cubomagico.co\/en\/wp-json\/wp\/v2\/types\/page"}],"author":[{"embeddable":true,"href":"https:\/\/cubomagico.co\/en\/wp-json\/wp\/v2\/users\/3"}],"replies":[{"embeddable":true,"href":"https:\/\/cubomagico.co\/en\/wp-json\/wp\/v2\/comments?post=1906"}],"version-history":[{"count":5,"href":"https:\/\/cubomagico.co\/en\/wp-json\/wp\/v2\/pages\/1906\/revisions"}],"predecessor-version":[{"id":2642,"href":"https:\/\/cubomagico.co\/en\/wp-json\/wp\/v2\/pages\/1906\/revisions\/2642"}],"wp:attachment":[{"href":"https:\/\/cubomagico.co\/en\/wp-json\/wp\/v2\/media?parent=1906"}],"curies":[{"name":"wp","href":"https:\/\/api.w.org\/{rel}","templated":true}]}}